{"id":1039,"date":"2025-10-05T04:29:07","date_gmt":"2025-10-05T02:29:07","guid":{"rendered":"https:\/\/ceiplatrade.com\/?page_id=1039"},"modified":"2025-11-19T17:08:38","modified_gmt":"2025-11-19T16:08:38","slug":"nuestra-historia","status":"publish","type":"page","link":"https:\/\/ceiplatrade.com\/index.php\/nuestra-historia\/","title":{"rendered":"Nuestra Historia"},"content":{"rendered":"\n<div class=\"wp-block-stackable-columns stk-block-columns stk-block stk-61f0903\" data-block-id=\"61f0903\"><style>.stk-61f0903 {margin-bottom:75px !important;}<\/style><div class=\"stk-row stk-inner-blocks stk-block-content stk-content-align stk-61f0903-column\">\n<div class=\"wp-block-stackable-column stk-block-column stk-column stk-block stk-7a9f03a\" data-v=\"4\" data-block-id=\"7a9f03a\"><style>@media screen and (min-width:690px){.stk-7a9f03a {flex:var(--stk-flex-grow, 1) 1 calc(50% - var(--stk-column-gap, 0px) * 1 \/ 2 ) !important;}}<\/style><div class=\"stk-column-wrapper stk-block-column__content stk-container stk-7a9f03a-container stk--no-background stk--no-padding\"><div class=\"stk-block-content stk-inner-blocks stk-7a9f03a-inner-blocks\">\n<div class=\"wp-block-stackable-image stk-block-image stk-block stk-44dc2c7\" data-block-id=\"44dc2c7\"><figure><span class=\"stk-img-wrapper stk-image--shape-stretch\"><img loading=\"lazy\" decoding=\"async\" class=\"stk-img wp-image-1509\" src=\"https:\/\/ceiplatrade.com\/wp-content\/uploads\/2025\/11\/WhatsApp-Image-2025-11-18-at-3.40.47-PM.jpeg\" width=\"1280\" height=\"853\" srcset=\"https:\/\/ceiplatrade.com\/wp-content\/uploads\/2025\/11\/WhatsApp-Image-2025-11-18-at-3.40.47-PM.jpeg 1280w, https:\/\/ceiplatrade.com\/wp-content\/uploads\/2025\/11\/WhatsApp-Image-2025-11-18-at-3.40.47-PM-300x200.jpeg 300w, https:\/\/ceiplatrade.com\/wp-content\/uploads\/2025\/11\/WhatsApp-Image-2025-11-18-at-3.40.47-PM-1024x682.jpeg 1024w, https:\/\/ceiplatrade.com\/wp-content\/uploads\/2025\/11\/WhatsApp-Image-2025-11-18-at-3.40.47-PM-768x512.jpeg 768w, https:\/\/ceiplatrade.com\/wp-content\/uploads\/2025\/11\/WhatsApp-Image-2025-11-18-at-3.40.47-PM-600x400.jpeg 600w\" sizes=\"auto, (max-width: 1280px) 100vw, 1280px\" \/><\/span><\/figure><\/div>\n<\/div><\/div><\/div>\n\n\n\n<div class=\"wp-block-stackable-column stk-block-column stk-column stk-block stk-32cef75\" data-v=\"4\" data-block-id=\"32cef75\"><style>@media screen and (min-width:690px){.stk-32cef75 {flex:var(--stk-flex-grow, 1) 1 calc(50% - var(--stk-column-gap, 0px) * 1 \/ 2 ) !important;}}<\/style><div class=\"stk-column-wrapper stk-block-column__content stk-container stk-32cef75-container stk--no-background stk--no-padding\"><div class=\"stk-block-content stk-inner-blocks stk-32cef75-inner-blocks\">\n<p><\/p>\n\n\n\n<div class=\"wp-block-stackable-heading stk-block-heading stk-block-heading--v2 stk-block stk-5af359c\" id=\"span-style-color-var-theme-palette-color-1-071566-class-stk-highlight-un-recorrido-de-confianza-y-crecimiento-span\" data-block-id=\"5af359c\"><h1 class=\"stk-block-heading__text\"><span style=\"color: var(--theme-palette-color-1, #071566);\" class=\"stk-highlight\">UN RECORRIDO DE CONFIANZA Y CRECIMIENTO<\/span><\/h1><\/div>\n\n\n\n<p><strong><span style=\"color: var(--theme-palette-color-1, #071566);\" class=\"stk-highlight\">CEIPLA TRADE<\/span><\/strong> naci\u00f3 como el brazo comercial de <strong><span style=\"color: var(--theme-palette-color-2, #132798);\" class=\"stk-highlight\">CEIPLA Latinoam\u00e9rica<\/span><\/strong> con un prop\u00f3sito claro: abrir las puertas del mundo a los productores de nuestra regi\u00f3n.<\/p>\n\n\n\n<p>Desde nuestros inicios, hemos trabajado bajo la visi\u00f3n de que los productos latinoamericanos no solo son competitivos en precio, sino tambi\u00e9n en <em><strong><span style=\"color: #abb8c3;\" class=\"stk-highlight\">calidad, sostenibilidad y trazabilidad.<\/span><\/strong><\/em><\/p>\n<\/div><\/div><\/div>\n<\/div><\/div>\n\n\n\n<div class=\"wp-block-columns is-layout-flex wp-container-core-columns-is-layout-28f84493 wp-block-columns-is-layout-flex\">\n<div class=\"wp-block-column is-layout-flow wp-block-column-is-layout-flow\" style=\"flex-basis:100%\">\n<div class=\"wp-block-stackable-columns alignwide stk-block-columns stk-block stk-4426486\" data-block-id=\"4426486\"><style>.stk-4426486 {margin-bottom:50px !important;}<\/style><div class=\"stk-row stk-inner-blocks stk-block-content stk-content-align stk-4426486-column alignwide\">\n<div class=\"wp-block-stackable-column stk-block-column stk-column stk-block stk-1d3908e\" data-v=\"4\" data-block-id=\"1d3908e\"><style>@media screen and (min-width:690px){.stk-1d3908e {flex:var(--stk-flex-grow, 1) 1 33.3% !important;}}<\/style><div class=\"stk-column-wrapper stk-block-column__content stk-container stk-1d3908e-container stk--no-background stk--no-padding\"><div class=\"stk-block-content stk-inner-blocks stk-1d3908e-inner-blocks\">\n<div class=\"wp-block-stackable-heading stk-block-heading stk-block-heading--v2 stk-block stk-0f97c78\" id=\"span-style-color-var-theme-palette-color-1-071566-class-stk-highlight-nuestro-origen-span\" data-block-id=\"0f97c78\"><h2 class=\"stk-block-heading__text has-text-align-right\"><span style=\"color: var(--theme-palette-color-1, #071566);\" class=\"stk-highlight\">NUESTRO ORIGEN<\/span><\/h2><\/div>\n\n\n\n<p class=\"has-text-align-right\">Comenzamos como una iniciativa que buscaba <strong><span style=\"color: var(--theme-palette-color-1, #071566);\" class=\"stk-highlight\">fortalecer la cadena productiva<\/span><\/strong>, uniendo a peque\u00f1os y medianos productores con compradores internacionales. Con el tiempo, consolidamos alianzas estrat\u00e9gicas en sectores clave como el camar\u00f3n, el cacao, el banano y las carnes congeladas, integrando a m\u00e1s actores y ampliando nuestra capacidad de respuesta.<\/p>\n<\/div><\/div><\/div>\n\n\n\n<div class=\"wp-block-stackable-column stk-block-column stk-column stk-block stk-558e380\" data-v=\"4\" data-block-id=\"558e380\"><style>@media screen and (min-width:690px){.stk-558e380 {flex:var(--stk-flex-grow, 1) 1 66.7% !important;}}<\/style><div class=\"stk-column-wrapper stk-block-column__content stk-container stk-558e380-container stk--no-background stk--no-padding\"><div class=\"stk-block-content stk-inner-blocks stk-558e380-inner-blocks\">\n<div class=\"wp-block-stackable-image stk-block-image stk-block stk-dc2ba59\" data-block-id=\"dc2ba59\"><style>.stk-dc2ba59 .stk-img-wrapper{width:720px !important;}<\/style><figure><span class=\"stk-img-wrapper stk-image--shape-stretch\"><img loading=\"lazy\" decoding=\"async\" class=\"stk-img wp-image-1144\" src=\"https:\/\/ceiplatrade.com\/wp-content\/uploads\/2025\/10\/WhatsApp-Image-2024-09-07-at-4.08.19-PM-1.jpeg\" width=\"1280\" height=\"590\" srcset=\"https:\/\/ceiplatrade.com\/wp-content\/uploads\/2025\/10\/WhatsApp-Image-2024-09-07-at-4.08.19-PM-1.jpeg 1280w, https:\/\/ceiplatrade.com\/wp-content\/uploads\/2025\/10\/WhatsApp-Image-2024-09-07-at-4.08.19-PM-1-300x138.jpeg 300w, https:\/\/ceiplatrade.com\/wp-content\/uploads\/2025\/10\/WhatsApp-Image-2024-09-07-at-4.08.19-PM-1-1024x472.jpeg 1024w, https:\/\/ceiplatrade.com\/wp-content\/uploads\/2025\/10\/WhatsApp-Image-2024-09-07-at-4.08.19-PM-1-768x354.jpeg 768w, https:\/\/ceiplatrade.com\/wp-content\/uploads\/2025\/10\/WhatsApp-Image-2024-09-07-at-4.08.19-PM-1-600x277.jpeg 600w\" sizes=\"auto, (max-width: 1280px) 100vw, 1280px\" \/><\/span><\/figure><\/div>\n<\/div><\/div><\/div>\n<\/div><\/div>\n<\/div>\n<\/div>\n\n\n\n<div class=\"wp-block-stackable-hero alignwide stk-block-hero stk-block stk-5ac38e8 stk-block-background is-style-horizontal stk--has-background-overlay\" data-v=\"2\" data-block-id=\"5ac38e8\"><style>.stk-5ac38e8-inner-blocks{align-items:center !important;justify-content:center !important;}.stk-5ac38e8:before{background-color:#000000 !important;opacity:0.3 !important;}.stk-5ac38e8 {box-shadow:none !important;padding-top:0px !important;padding-right:0px !important;padding-bottom:0px !important;padding-left:0px !important;margin-bottom:50px !important;}.stk-5ac38e8 .stk-block-hero__content{min-height:var(--stk--preset--block-height--none, 0px) !important;align-items:center !important;display:flex !important;}<\/style><div class=\"stk-block-hero__content stk-content-align stk-5ac38e8-column alignwide stk-container stk-5ac38e8-container stk--no-background stk--no-padding\"><div class=\"stk-block-content stk-inner-blocks stk--column-flex stk-5ac38e8-inner-blocks\">\n<div class=\"wp-block-columns are-vertically-aligned-center is-layout-flex wp-container-core-columns-is-layout-28f84493 wp-block-columns-is-layout-flex\">\n<div class=\"wp-block-column is-vertically-aligned-center is-layout-flow wp-block-column-is-layout-flow\" style=\"flex-basis:100%\">\n<div class=\"wp-block-stackable-columns stk-block-columns stk-block stk-350c2a7\" data-block-id=\"350c2a7\"><div class=\"stk-row stk-inner-blocks stk-block-content stk-content-align stk-350c2a7-column\">\n<div class=\"wp-block-stackable-column stk-block-column stk-column stk-block stk-df490a1\" data-v=\"4\" data-block-id=\"df490a1\"><style>.stk-df490a1-container{margin-top:32px !important;margin-right:32px !important;margin-bottom:32px !important;margin-left:32px !important;}.stk-df490a1-inner-blocks{justify-content:center !important;}@media screen and (min-width:690px){.stk-df490a1 {flex:var(--stk-flex-grow, 1) 1 calc(46.599999999999994% - var(--stk-column-gap, 0px) * 1 \/ 2 ) !important;}}<\/style><div class=\"stk-column-wrapper stk-block-column__content stk-container stk-df490a1-container stk--no-background stk--no-padding\"><div class=\"has-text-align-left stk--column-flex stk-block-content stk-inner-blocks stk-df490a1-inner-blocks\">\n<div class=\"wp-block-stackable-heading stk-block-heading stk-block-heading--v2 stk-block stk-10d70a3\" id=\"span-style-color-fffffe-class-stk-highlight-hitos-de-nuestra-evolucion-span\" data-block-id=\"10d70a3\"><h2 class=\"stk-block-heading__text\"><span style=\"color: #fffffe;\" class=\"stk-highlight\">HITOS DE NUESTRA EVOLUCI\u00d3N<\/span><\/h2><\/div>\n\n\n\n<div class=\"wp-block-stackable-text stk-block-text stk-block stk-60cdd0b\" data-block-id=\"60cdd0b\"><style>.stk-60cdd0b {margin-bottom:0px !important;}<\/style><p class=\"stk-block-text__text\"><span style=\"color: #fffffe;\" class=\"stk-highlight\">Construcci\u00f3n de una red de productores y asociaciones en 9 pa\u00edses.<\/span><\/p><\/div>\n\n\n\n<p><\/p>\n\n\n\n<p><span style=\"color: #fffffe;\" class=\"stk-highlight\">Establecimiento de hubs log\u00edsticos en puertos estrat\u00e9gicos de Latinoam\u00e9rica.<\/span><\/p>\n\n\n\n<p><span style=\"color: #fffffe;\" class=\"stk-highlight\">Apertura de oficinas comerciales en Miami para conectar con el mercado norteamericano.<\/span><\/p>\n\n\n\n<p><span style=\"color: #fffffe;\" class=\"stk-highlight\">Implementaci\u00f3n de est\u00e1ndares internacionales de calidad y seguridad alimentaria.<\/span><\/p>\n\n\n\n<p><span style=\"color: #fffffe;\" class=\"stk-highlight\">Desarrollo de un cat\u00e1logo de productos diversificado para atender las necesidades B2B.<\/span><\/p>\n<\/div><\/div><\/div>\n\n\n\n<div class=\"wp-block-stackable-column stk-block-column stk-column stk-block stk-27fda18\" data-v=\"4\" data-block-id=\"27fda18\"><style>.stk-27fda18-container{margin-top:0px !important;margin-right:0px !important;margin-bottom:0px !important;margin-left:0px !important;}@media screen and (min-width:690px){.stk-27fda18 {flex:var(--stk-flex-grow, 1) 1 calc(53.4% - var(--stk-column-gap, 0px) * 1 \/ 2 ) !important;}}<\/style><div class=\"stk-column-wrapper stk-block-column__content stk-container stk-27fda18-container stk--no-background stk--no-padding\"><div class=\"stk-block-content stk-inner-blocks stk-27fda18-inner-blocks\"><\/div><\/div><\/div>\n<\/div><\/div>\n<\/div>\n<\/div>\n<\/div><\/div><video class=\"stk-video-background\" autoplay muted loop playsinline src=\"https:\/\/ceiplatrade.com\/wp-content\/uploads\/2025\/10\/Formato-Horizontal-PARA-WEB-CEIPLA-TRADE.mp4\" poster=\"\"><\/video><\/div>\n\n\n\n<p class=\"has-text-align-center\"><span style=\"color: var(--theme-palette-color-1, #071566);\" class=\"stk-highlight\"><strong>Nuestra historia<\/strong><\/span> es tambi\u00e9n la historia de cientos de productores que hoy logran competir en mercados internacionales. Cada contenedor despachado es un testimonio de <span style=\"color: var(--theme-palette-color-1, #071566);\" class=\"stk-highlight\"><strong>esfuerzo, confianza y cooperaci\u00f3n.<\/strong><\/span><\/p>\n\n\n\n<div class=\"wp-block-stackable-feature stk-block-feature stk-block stk-568b011 is-style-default\" data-v=\"2\" data-block-id=\"568b011\"><style>.stk-568b011 {--stk-feature-flex-wrap:nowrap !important;}<\/style><div class=\"stk-content-align stk-568b011-column stk-container stk-568b011-container stk--no-background stk--no-padding\"><div class=\"stk-inner-blocks stk-block-content stk-row\">\n<div class=\"wp-block-stackable-column stk-block-column stk-column stk-block stk-1ca32b7\" data-v=\"4\" data-block-id=\"1ca32b7\"><style>.stk-1ca32b7 {align-self:center !important;}<\/style><div class=\"stk-column-wrapper stk-block-column__content stk-container stk-1ca32b7-container stk--no-background stk--no-padding\"><div class=\"stk-block-content stk-inner-blocks stk-1ca32b7-inner-blocks\">\n<figure class=\"wp-block-video\"><video height=\"720\" style=\"aspect-ratio: 1280 \/ 720;\" width=\"1280\" controls src=\"https:\/\/ceiplatrade.com\/wp-content\/uploads\/2025\/11\/WhatsApp-Video-2025-11-18-at-3.32.36-PM-1.mp4\"><\/video><\/figure>\n<\/div><\/div><\/div>\n\n\n\n<div class=\"wp-block-stackable-column stk-block-column stk-column stk-block stk-2842f87\" data-v=\"4\" data-block-id=\"2842f87\"><style>.stk-2842f87 {align-self:center !important;}<\/style><div class=\"stk-column-wrapper stk-block-column__content stk-container stk-2842f87-container stk--no-background stk--no-padding\"><div class=\"stk-block-content stk-inner-blocks stk-2842f87-inner-blocks\">\n<div class=\"wp-block-stackable-heading stk-block-heading stk-block-heading--v2 stk-block stk-338c000\" id=\"span-style-color-var-theme-palette-color-1-071566-class-stk-highlight-mirada-hacia-el-futuro-span\" data-block-id=\"338c000\"><h2 class=\"stk-block-heading__text\"><span style=\"color: var(--theme-palette-color-1, #071566);\" class=\"stk-highlight\">MIRADA HACIA EL FUTURO<\/span><\/h2><\/div>\n\n\n\n<div class=\"wp-block-stackable-text stk-block-text stk-block stk-29b226c\" data-block-id=\"29b226c\"><p class=\"stk-block-text__text has-text-align-justify\">Seguimos creciendo con el <span style=\"color: var(--theme-palette-color-1, #071566);\" class=\"stk-highlight\"><strong>compromiso de innovar<\/strong><\/span> en procesos log\u00edsticos, expandir nuestra oferta de productos y garantizar que cada socio y comprador reciba m\u00e1s que un producto: reciba confianza, valor agregado y <span style=\"color: var(--theme-palette-color-1, #071566);\" class=\"stk-highlight\"><strong>relaciones a largo plazo.<\/strong><\/span><\/p><\/div>\n\n\n\n<div class=\"wp-block-stackable-button-group stk-block-button-group stk-block stk-d8f4892\" data-block-id=\"d8f4892\"><div class=\"stk-row stk-inner-blocks stk-block-content stk-button-group\">\n<div class=\"wp-block-stackable-button stk-block-button stk-block stk-4e7df52\" data-block-id=\"4e7df52\"><a class=\"stk-link stk-button stk--hover-effect-scale\" href=\"https:\/\/ceiplatrade.com\/index.php\/catalogo\/\"><span class=\"stk-button__inner-text\">Cat\u00e1logo de Productos<\/span><\/a><\/div>\n<\/div><\/div>\n<\/div><\/div><\/div>\n<\/div><\/div><\/div>\n\n\n\n<p><\/p>\n","protected":false},"excerpt":{"rendered":"<p>UN RECORRIDO DE CONFIANZA Y CRECIMIENTO CEIPLA TRADE naci\u00f3 como el brazo comercial de CEIPLA Latinoam\u00e9rica con un prop\u00f3sito claro: abrir las puertas del mundo a los productores de nuestra regi\u00f3n. Desde nuestros inicios, hemos trabajado bajo la visi\u00f3n de que los productos latinoamericanos no solo son competitivos en precio, sino tambi\u00e9n en calidad, sostenibilidad [&hellip;]<\/p>\n","protected":false},"author":1,"featured_media":0,"parent":0,"menu_order":0,"comment_status":"closed","ping_status":"closed","template":"","meta":{"footnotes":""},"class_list":["post-1039","page","type-page","status-publish","hentry"],"blocksy_meta":[],"jetpack_sharing_enabled":true,"_links":{"self":[{"href":"https:\/\/ceiplatrade.com\/index.php\/wp-json\/wp\/v2\/pages\/1039","targetHints":{"allow":["GET"]}}],"collection":[{"href":"https:\/\/ceiplatrade.com\/index.php\/wp-json\/wp\/v2\/pages"}],"about":[{"href":"https:\/\/ceiplatrade.com\/index.php\/wp-json\/wp\/v2\/types\/page"}],"author":[{"embeddable":true,"href":"https:\/\/ceiplatrade.com\/index.php\/wp-json\/wp\/v2\/users\/1"}],"replies":[{"embeddable":true,"href":"https:\/\/ceiplatrade.com\/index.php\/wp-json\/wp\/v2\/comments?post=1039"}],"version-history":[{"count":20,"href":"https:\/\/ceiplatrade.com\/index.php\/wp-json\/wp\/v2\/pages\/1039\/revisions"}],"predecessor-version":[{"id":1510,"href":"https:\/\/ceiplatrade.com\/index.php\/wp-json\/wp\/v2\/pages\/1039\/revisions\/1510"}],"wp:attachment":[{"href":"https:\/\/ceiplatrade.com\/index.php\/wp-json\/wp\/v2\/media?parent=1039"}],"curies":[{"name":"wp","href":"https:\/\/api.w.org\/{rel}","templated":true}]}}