{"id":1043,"date":"2025-10-05T04:31:59","date_gmt":"2025-10-05T02:31:59","guid":{"rendered":"https:\/\/ceiplatrade.com\/?page_id=1043"},"modified":"2026-02-27T17:35:23","modified_gmt":"2026-02-27T16:35:23","slug":"equipo-oficinas","status":"publish","type":"page","link":"https:\/\/ceiplatrade.com\/index.php\/equipo-oficinas\/","title":{"rendered":"Equipo &amp; Oficinas"},"content":{"rendered":"\n<div class=\"wp-block-stackable-columns alignwide stk-block-columns stk-block stk-deee81c\" data-block-id=\"deee81c\"><style>.stk-deee81c {margin-bottom:50px !important;}<\/style><div class=\"stk-row stk-inner-blocks stk-block-content stk-content-align stk-deee81c-column alignwide\">\n<div class=\"wp-block-stackable-column stk-block-column stk-column stk-block stk-c6c05bd\" data-v=\"4\" data-block-id=\"c6c05bd\"><style>@media screen and (min-width:690px){.stk-c6c05bd {flex:var(--stk-flex-grow, 1) 1 calc(44.9% - var(--stk-column-gap, 0px) * 1 \/ 2 ) !important;}}<\/style><div class=\"stk-column-wrapper stk-block-column__content stk-container stk-c6c05bd-container stk--no-background stk--no-padding\"><div class=\"stk-block-content stk-inner-blocks stk-c6c05bd-inner-blocks\">\n<div class=\"wp-block-stackable-image stk-block-image stk-block stk-54054d8\" data-block-id=\"54054d8\"><style>.stk-54054d8 .stk-img-wrapper{width:100% !important;height:400px !important;}<\/style><figure><span class=\"stk-img-wrapper stk-image--shape-stretch\"><img loading=\"lazy\" decoding=\"async\" class=\"stk-img wp-image-1511\" src=\"https:\/\/ceiplatrade.com\/wp-content\/uploads\/2025\/11\/WhatsApp-Image-2025-11-18-at-2.43.01-PM.jpeg\" width=\"1200\" height=\"1600\" srcset=\"https:\/\/ceiplatrade.com\/wp-content\/uploads\/2025\/11\/WhatsApp-Image-2025-11-18-at-2.43.01-PM.jpeg 1200w, https:\/\/ceiplatrade.com\/wp-content\/uploads\/2025\/11\/WhatsApp-Image-2025-11-18-at-2.43.01-PM-225x300.jpeg 225w, https:\/\/ceiplatrade.com\/wp-content\/uploads\/2025\/11\/WhatsApp-Image-2025-11-18-at-2.43.01-PM-768x1024.jpeg 768w, https:\/\/ceiplatrade.com\/wp-content\/uploads\/2025\/11\/WhatsApp-Image-2025-11-18-at-2.43.01-PM-1152x1536.jpeg 1152w, https:\/\/ceiplatrade.com\/wp-content\/uploads\/2025\/11\/WhatsApp-Image-2025-11-18-at-2.43.01-PM-300x400.jpeg 300w, https:\/\/ceiplatrade.com\/wp-content\/uploads\/2025\/11\/WhatsApp-Image-2025-11-18-at-2.43.01-PM-600x800.jpeg 600w\" sizes=\"auto, (max-width: 1200px) 100vw, 1200px\" \/><\/span><\/figure><\/div>\n<\/div><\/div><\/div>\n\n\n\n<div class=\"wp-block-stackable-column stk-block-column stk-column stk-block stk-d7d1c93\" data-v=\"4\" data-block-id=\"d7d1c93\"><style>@media screen and (min-width:690px){.stk-d7d1c93 {flex:var(--stk-flex-grow, 1) 1 calc(55.1% - var(--stk-column-gap, 0px) * 1 \/ 2 ) !important;}}<\/style><div class=\"stk-column-wrapper stk-block-column__content stk-container stk-d7d1c93-container stk--no-background stk--no-padding\"><div class=\"stk-block-content stk-inner-blocks stk-d7d1c93-inner-blocks\">\n<p><\/p>\n\n\n\n<p><\/p>\n\n\n\n<div class=\"wp-block-stackable-heading stk-block-heading stk-block-heading--v2 stk-block stk-719615d\" id=\"span-style-color-var-theme-palette-color-1-071566-class-stk-highlight-las-personas-detras-de-cada-logro-span\" data-block-id=\"719615d\"><style>.stk-719615d {margin-bottom:0px !important;}<\/style><h2 class=\"stk-block-heading__text\"><span style=\"color: var(--theme-palette-color-1, #071566);\" class=\"stk-highlight\">LAS PERSONAS DETR\u00c1S DE CADA LOGRO<\/span><\/h2><\/div>\n\n\n\n<p><\/p>\n\n\n\n<p style=\"font-size:clamp(14px, 0.875rem + ((1vw - 3.2px) * 0.156), 16px);\">En <span style=\"color: var(--theme-palette-color-1, #071566);\" class=\"stk-highlight\"><strong>CEIPLA TRADE<\/strong><\/span> creemos que los negocios internacionales no se construyen solo con productos, sino con personas. <span style=\"color: var(--theme-palette-color-1, #071566);\" class=\"stk-highlight\"><strong>Nuestro equipo<\/strong><\/span> est\u00e1 conformado por <span style=\"color: var(--theme-palette-color-1, #071566);\" class=\"stk-highlight\"><strong>profesionales<\/strong><\/span> en comercio exterior, log\u00edstica, calidad y desarrollo de mercados que hacen posible cada operaci\u00f3n.<\/p>\n<\/div><\/div><\/div>\n<\/div><\/div>\n\n\n\n<div class=\"wp-block-stackable-heading alignwide stk-block-heading stk-block-heading--v2 stk-block stk-f9b82d4\" id=\"span-style-color-var-theme-palette-color-1-071566-class-stk-highlight-nuestro-equipo-span\" data-block-id=\"f9b82d4\"><style>.stk-f9b82d4 {margin-bottom:0px !important;}<\/style><h2 class=\"stk-block-heading__text has-text-align-center\"><span style=\"color: var(--theme-palette-color-1, #071566);\" class=\"stk-highlight\">NUESTRO EQUIPO<\/span><\/h2><\/div>\n\n\n\n<div class=\"wp-block-stackable-columns stk-block-columns stk-block stk-f26493b\" data-block-id=\"f26493b\"><style>.stk-f26493b {margin-bottom:50px !important;}<\/style><div class=\"stk-row stk-inner-blocks stk-block-content stk-content-align stk-f26493b-column\">\n<div class=\"wp-block-stackable-column stk-block-column stk-column stk-block stk-6d78ca0\" data-v=\"4\" data-block-id=\"6d78ca0\"><div class=\"stk-column-wrapper stk-block-column__content stk-container stk-6d78ca0-container stk--no-background stk--no-padding\"><div class=\"stk-block-content stk-inner-blocks stk-6d78ca0-inner-blocks\"><\/div><\/div><\/div>\n\n\n\n<div class=\"wp-block-stackable-column stk-block-column stk-column stk-block stk-44d8715\" data-v=\"4\" data-block-id=\"44d8715\"><div class=\"stk-column-wrapper stk-block-column__content stk-container stk-44d8715-container stk--no-background stk--no-padding\"><div class=\"stk-block-content stk-inner-blocks stk-44d8715-inner-blocks\">\n<div class=\"wp-block-stackable-team-member stk-block-team-member stk-block stk-37538d6 is-style-default\" data-v=\"2\" data-block-id=\"37538d6\"><div class=\"stk-block-team-member__content stk-content-align stk-37538d6-column stk-container stk-37538d6-container stk-hover-parent\"><div class=\"stk-block-content stk-inner-blocks has-text-align-center stk-37538d6-inner-blocks\">\n<div class=\"wp-block-stackable-image stk-block-image stk-block stk-55432f4\" data-block-id=\"55432f4\"><style>.stk-55432f4 .stk-img-wrapper{width:150px !important;height:150px !important;}.stk-55432f4 .stk-img-wrapper img, .stk-55432f4 .stk-img-wrapper::after, .stk-55432f4 .stk-img-wrapper::before{mask-image:url('data:image\/svg+xml;base64,PHN2ZyB4bWxucz0iaHR0cDovL3d3dy53My5vcmcvMjAwMC9zdmciIHZpZXdCb3g9IjAgMCAxMDAgMTAwIiBwcmVzZXJ2ZUFzcGVjdFJhdGlvPSJub25lIj48Y2lyY2xlIGN4PSI1MCIgY3k9IjUwIiByPSI1MCI+PC9jaXJjbGU+PC9zdmc+') !important;-webkit-mask-image:url('data:image\/svg+xml;base64,PHN2ZyB4bWxucz0iaHR0cDovL3d3dy53My5vcmcvMjAwMC9zdmciIHZpZXdCb3g9IjAgMCAxMDAgMTAwIiBwcmVzZXJ2ZUFzcGVjdFJhdGlvPSJub25lIj48Y2lyY2xlIGN4PSI1MCIgY3k9IjUwIiByPSI1MCI+PC9jaXJjbGU+PC9zdmc+') !important;}<\/style><figure><span class=\"stk-img-wrapper stk-img--shape stk-image--shape-stretch\"><img loading=\"lazy\" decoding=\"async\" class=\"stk-img wp-image-1178\" src=\"https:\/\/ceiplatrade.com\/wp-content\/uploads\/2025\/10\/mi-pana-el-inge-1024x1024-1.jpg\" width=\"1024\" height=\"1024\" srcset=\"https:\/\/ceiplatrade.com\/wp-content\/uploads\/2025\/10\/mi-pana-el-inge-1024x1024-1.jpg 1024w, https:\/\/ceiplatrade.com\/wp-content\/uploads\/2025\/10\/mi-pana-el-inge-1024x1024-1-300x300.jpg 300w, https:\/\/ceiplatrade.com\/wp-content\/uploads\/2025\/10\/mi-pana-el-inge-1024x1024-1-150x150.jpg 150w, https:\/\/ceiplatrade.com\/wp-content\/uploads\/2025\/10\/mi-pana-el-inge-1024x1024-1-768x768.jpg 768w, https:\/\/ceiplatrade.com\/wp-content\/uploads\/2025\/10\/mi-pana-el-inge-1024x1024-1-600x600.jpg 600w, https:\/\/ceiplatrade.com\/wp-content\/uploads\/2025\/10\/mi-pana-el-inge-1024x1024-1-100x100.jpg 100w\" sizes=\"auto, (max-width: 1024px) 100vw, 1024px\" \/><\/span><\/figure><\/div>\n\n\n\n<div class=\"wp-block-stackable-heading stk-block-heading stk-block-heading--v2 stk-block stk-ceedd4a\" id=\"span-style-color-var-theme-palette-color-1-071566-class-stk-highlight-ing-marcelo-gutierrez-vinueza-span\" data-block-id=\"ceedd4a\"><style>.stk-ceedd4a {margin-bottom:0px !important;}<\/style><h5 class=\"stk-block-heading__text\"><span style=\"color: var(--theme-palette-color-1, #071566);\" class=\"stk-highlight\">Ing. Marcelo Guti\u00e9rrez Vinueza<\/span><\/h5><\/div>\n\n\n\n<div class=\"wp-block-stackable-subtitle stk-block-subtitle stk-block stk-056d002\" data-block-id=\"056d002\"><p class=\"stk-block-subtitle__text stk-subtitle\">PRESIDENTE EJECUTIVO CEIPLA<\/p><\/div>\n<\/div><\/div><\/div>\n<\/div><\/div><\/div>\n\n\n\n<div class=\"wp-block-stackable-column stk-block-column stk-column stk-block stk-da7104d\" data-v=\"4\" data-block-id=\"da7104d\"><div class=\"stk-column-wrapper stk-block-column__content stk-container stk-da7104d-container stk--no-background stk--no-padding\"><div class=\"stk-block-content stk-inner-blocks stk-da7104d-inner-blocks\"><\/div><\/div><\/div>\n<\/div><\/div>\n\n\n\n<div class=\"wp-block-stackable-columns stk-block-columns stk-block stk-175aaab\" data-block-id=\"175aaab\"><style>.stk-175aaab {margin-bottom:0px !important;}<\/style><div class=\"stk-row stk-inner-blocks stk-block-content stk-content-align stk-175aaab-column\">\n<div class=\"wp-block-stackable-column stk-block-column stk-column stk-block stk-365c3f4\" data-v=\"4\" data-block-id=\"365c3f4\"><div class=\"stk-column-wrapper stk-block-column__content stk-container stk-365c3f4-container stk--no-background stk--no-padding\"><div class=\"stk-block-content stk-inner-blocks stk-365c3f4-inner-blocks\">\n<div class=\"wp-block-stackable-team-member stk-block-team-member stk-block stk-2f285cf is-style-default\" data-v=\"2\" data-block-id=\"2f285cf\"><div class=\"stk-block-team-member__content stk-content-align stk-2f285cf-column stk-container stk-2f285cf-container stk-hover-parent\"><div class=\"stk-block-content stk-inner-blocks has-text-align-center stk-2f285cf-inner-blocks\">\n<div class=\"wp-block-stackable-image stk-block-image stk-block stk-49c4d89\" data-block-id=\"49c4d89\"><style>.stk-49c4d89 .stk-img-wrapper{width:150px !important;height:150px !important;}.stk-49c4d89 .stk-img-wrapper img, .stk-49c4d89 .stk-img-wrapper::after, .stk-49c4d89 .stk-img-wrapper::before{mask-image:url('data:image\/svg+xml;base64,PHN2ZyB4bWxucz0iaHR0cDovL3d3dy53My5vcmcvMjAwMC9zdmciIHZpZXdCb3g9IjAgMCAxMDAgMTAwIiBwcmVzZXJ2ZUFzcGVjdFJhdGlvPSJub25lIj48Y2lyY2xlIGN4PSI1MCIgY3k9IjUwIiByPSI1MCI+PC9jaXJjbGU+PC9zdmc+') !important;-webkit-mask-image:url('data:image\/svg+xml;base64,PHN2ZyB4bWxucz0iaHR0cDovL3d3dy53My5vcmcvMjAwMC9zdmciIHZpZXdCb3g9IjAgMCAxMDAgMTAwIiBwcmVzZXJ2ZUFzcGVjdFJhdGlvPSJub25lIj48Y2lyY2xlIGN4PSI1MCIgY3k9IjUwIiByPSI1MCI+PC9jaXJjbGU+PC9zdmc+') !important;}<\/style><figure><span class=\"stk-img-wrapper stk-img--shape stk-image--shape-stretch\"><img loading=\"lazy\" decoding=\"async\" class=\"stk-img wp-image-1182\" src=\"https:\/\/ceiplatrade.com\/wp-content\/uploads\/2025\/10\/Imagen-de-WhatsApp-2024-10-01-a-las-14.22.41_93f3d17b-1.jpg\" width=\"161\" height=\"163\" srcset=\"https:\/\/ceiplatrade.com\/wp-content\/uploads\/2025\/10\/Imagen-de-WhatsApp-2024-10-01-a-las-14.22.41_93f3d17b-1.jpg 161w, https:\/\/ceiplatrade.com\/wp-content\/uploads\/2025\/10\/Imagen-de-WhatsApp-2024-10-01-a-las-14.22.41_93f3d17b-1-100x100.jpg 100w\" sizes=\"auto, (max-width: 161px) 100vw, 161px\" \/><\/span><\/figure><\/div>\n\n\n\n<div class=\"wp-block-stackable-heading stk-block-heading stk-block-heading--v2 stk-block stk-ff5e060\" id=\"span-style-color-var-theme-palette-color-1-071566-class-stk-highlight-javier-de-gregorio-span\" data-block-id=\"ff5e060\"><style>.stk-ff5e060 {margin-bottom:0px !important;}<\/style><h5 class=\"stk-block-heading__text\"><span style=\"color: var(--theme-palette-color-1, #071566);\" class=\"stk-highlight\">Javier de Gregorio<\/span><\/h5><\/div>\n\n\n\n<div class=\"wp-block-stackable-subtitle stk-block-subtitle stk-block stk-ad0bf2a\" data-block-id=\"ad0bf2a\"><p class=\"stk-block-subtitle__text stk-subtitle\">EMBAJADOR COMERCIAL ARGENTINA<\/p><\/div>\n<\/div><\/div><\/div>\n<\/div><\/div><\/div>\n\n\n\n<div class=\"wp-block-stackable-column stk-block-column stk-column stk-block stk-458c684\" data-v=\"4\" data-block-id=\"458c684\"><div class=\"stk-column-wrapper stk-block-column__content stk-container stk-458c684-container stk--no-background stk--no-padding\"><div class=\"stk-block-content stk-inner-blocks stk-458c684-inner-blocks\">\n<div class=\"wp-block-stackable-team-member stk-block-team-member stk-block stk-da59370 is-style-default\" data-v=\"2\" data-block-id=\"da59370\"><div class=\"stk-block-team-member__content stk-content-align stk-da59370-column stk-container stk-da59370-container stk-hover-parent\"><div class=\"stk-block-content stk-inner-blocks has-text-align-center stk-da59370-inner-blocks\">\n<div class=\"wp-block-stackable-image stk-block-image stk-block stk-fc7ce9e\" data-block-id=\"fc7ce9e\"><style>.stk-fc7ce9e .stk-img-wrapper{width:150px !important;height:150px !important;}.stk-fc7ce9e .stk-img-wrapper img, .stk-fc7ce9e .stk-img-wrapper::after, .stk-fc7ce9e .stk-img-wrapper::before{mask-image:url('data:image\/svg+xml;base64,PHN2ZyB4bWxucz0iaHR0cDovL3d3dy53My5vcmcvMjAwMC9zdmciIHZpZXdCb3g9IjAgMCAxMDAgMTAwIiBwcmVzZXJ2ZUFzcGVjdFJhdGlvPSJub25lIj48Y2lyY2xlIGN4PSI1MCIgY3k9IjUwIiByPSI1MCI+PC9jaXJjbGU+PC9zdmc+') !important;-webkit-mask-image:url('data:image\/svg+xml;base64,PHN2ZyB4bWxucz0iaHR0cDovL3d3dy53My5vcmcvMjAwMC9zdmciIHZpZXdCb3g9IjAgMCAxMDAgMTAwIiBwcmVzZXJ2ZUFzcGVjdFJhdGlvPSJub25lIj48Y2lyY2xlIGN4PSI1MCIgY3k9IjUwIiByPSI1MCI+PC9jaXJjbGU+PC9zdmc+') !important;}<\/style><figure><span class=\"stk-img-wrapper stk-img--shape stk-image--shape-stretch\"><img loading=\"lazy\" decoding=\"async\" class=\"stk-img wp-image-1179\" src=\"https:\/\/ceiplatrade.com\/wp-content\/uploads\/2025\/10\/dasgrthtrn-1024x990-1.jpg\" width=\"1024\" height=\"990\" srcset=\"https:\/\/ceiplatrade.com\/wp-content\/uploads\/2025\/10\/dasgrthtrn-1024x990-1.jpg 1024w, https:\/\/ceiplatrade.com\/wp-content\/uploads\/2025\/10\/dasgrthtrn-1024x990-1-300x290.jpg 300w, https:\/\/ceiplatrade.com\/wp-content\/uploads\/2025\/10\/dasgrthtrn-1024x990-1-768x743.jpg 768w, https:\/\/ceiplatrade.com\/wp-content\/uploads\/2025\/10\/dasgrthtrn-1024x990-1-600x580.jpg 600w\" sizes=\"auto, (max-width: 1024px) 100vw, 1024px\" \/><\/span><\/figure><\/div>\n\n\n\n<div class=\"wp-block-stackable-heading stk-block-heading stk-block-heading--v2 stk-block stk-a16710e\" id=\"span-style-color-var-theme-palette-color-1-071566-class-stk-highlight-carlos-alberto-duque-arenas-span\" data-block-id=\"a16710e\"><style>.stk-a16710e {margin-bottom:0px !important;}<\/style><h5 class=\"stk-block-heading__text\"><span style=\"color: var(--theme-palette-color-1, #071566);\" class=\"stk-highlight\">Carlos Alberto Duque Arenas<\/span><\/h5><\/div>\n\n\n\n<div class=\"wp-block-stackable-subtitle stk-block-subtitle stk-block stk-bdbc094\" data-block-id=\"bdbc094\"><p class=\"stk-block-subtitle__text stk-subtitle\">EMBAJADOR COMERCIAL COLOMBIA<\/p><\/div>\n<\/div><\/div><\/div>\n<\/div><\/div><\/div>\n\n\n\n<div class=\"wp-block-stackable-column stk-block-column stk-column stk-block stk-d399afb\" data-v=\"4\" data-block-id=\"d399afb\"><div class=\"stk-column-wrapper stk-block-column__content stk-container stk-d399afb-container stk--no-background stk--no-padding\"><div class=\"stk-block-content stk-inner-blocks stk-d399afb-inner-blocks\">\n<div class=\"wp-block-stackable-team-member stk-block-team-member stk-block stk-fd28e16 is-style-default\" data-v=\"2\" data-block-id=\"fd28e16\"><div class=\"stk-block-team-member__content stk-content-align stk-fd28e16-column stk-container stk-fd28e16-container stk-hover-parent\"><div class=\"stk-block-content stk-inner-blocks has-text-align-center stk-fd28e16-inner-blocks\">\n<div class=\"wp-block-stackable-team-member stk-block-team-member stk-block stk-d92f43d is-style-default\" data-v=\"2\" data-block-id=\"d92f43d\"><div class=\"stk-block-team-member__content stk-content-align stk-d92f43d-column stk-container stk-d92f43d-container stk-hover-parent\"><div class=\"stk-block-content stk-inner-blocks has-text-align-center stk-d92f43d-inner-blocks\">\n<div class=\"wp-block-stackable-image stk-block-image stk-block stk-f2b02a0\" data-block-id=\"f2b02a0\"><style>.stk-f2b02a0 .stk-img-wrapper{width:150px !important;height:150px !important;}.stk-f2b02a0 .stk-img-wrapper img, .stk-f2b02a0 .stk-img-wrapper::after, .stk-f2b02a0 .stk-img-wrapper::before{mask-image:url('data:image\/svg+xml;base64,PHN2ZyB4bWxucz0iaHR0cDovL3d3dy53My5vcmcvMjAwMC9zdmciIHZpZXdCb3g9IjAgMCAxMDAgMTAwIiBwcmVzZXJ2ZUFzcGVjdFJhdGlvPSJub25lIj48Y2lyY2xlIGN4PSI1MCIgY3k9IjUwIiByPSI1MCI+PC9jaXJjbGU+PC9zdmc+') !important;-webkit-mask-image:url('data:image\/svg+xml;base64,PHN2ZyB4bWxucz0iaHR0cDovL3d3dy53My5vcmcvMjAwMC9zdmciIHZpZXdCb3g9IjAgMCAxMDAgMTAwIiBwcmVzZXJ2ZUFzcGVjdFJhdGlvPSJub25lIj48Y2lyY2xlIGN4PSI1MCIgY3k9IjUwIiByPSI1MCI+PC9jaXJjbGU+PC9zdmc+') !important;}<\/style><figure><span class=\"stk-img-wrapper stk-img--shape stk-image--shape-stretch\"><img loading=\"lazy\" decoding=\"async\" class=\"stk-img wp-image-1183\" src=\"https:\/\/ceiplatrade.com\/wp-content\/uploads\/2025\/10\/Captura-de-pantalla-2024-09-17-163218.png\" width=\"687\" height=\"658\" srcset=\"https:\/\/ceiplatrade.com\/wp-content\/uploads\/2025\/10\/Captura-de-pantalla-2024-09-17-163218.png 687w, https:\/\/ceiplatrade.com\/wp-content\/uploads\/2025\/10\/Captura-de-pantalla-2024-09-17-163218-300x287.png 300w, https:\/\/ceiplatrade.com\/wp-content\/uploads\/2025\/10\/Captura-de-pantalla-2024-09-17-163218-600x575.png 600w\" sizes=\"auto, (max-width: 687px) 100vw, 687px\" \/><\/span><\/figure><\/div>\n\n\n\n<div class=\"wp-block-stackable-heading stk-block-heading stk-block-heading--v2 stk-block stk-385313e\" id=\"span-style-color-var-theme-palette-color-1-071566-class-stk-highlight-victor-hugo-guachalla-span\" data-block-id=\"385313e\"><style>.stk-385313e {margin-bottom:0px !important;}<\/style><h5 class=\"stk-block-heading__text\"><span style=\"color: var(--theme-palette-color-1, #071566);\" class=\"stk-highlight\">V\u00edctor Hugo Guachalla<\/span><\/h5><\/div>\n\n\n\n<div class=\"wp-block-stackable-subtitle stk-block-subtitle stk-block stk-ae4f66a\" data-block-id=\"ae4f66a\"><p class=\"stk-block-subtitle__text stk-subtitle\">EMBAJADOR COMERCIAL BOLIVIA<\/p><\/div>\n<\/div><\/div><\/div>\n<\/div><\/div><\/div>\n<\/div><\/div><\/div>\n<\/div><\/div>\n\n\n\n<div class=\"wp-block-stackable-columns alignwide stk-block-columns stk-block stk-5d8f4db\" data-block-id=\"5d8f4db\"><style>.stk-5d8f4db {margin-bottom:30px !important;}<\/style><div class=\"stk-row stk-inner-blocks stk-block-content stk-content-align stk-5d8f4db-column alignwide\">\n<div class=\"wp-block-stackable-column stk-block-column stk-column stk-block stk-8edda21\" data-v=\"4\" data-block-id=\"8edda21\"><style>@media screen and (min-width:690px){.stk-8edda21 {flex:var(--stk-flex-grow, 1) 1 33.3% !important;}}<\/style><div class=\"stk-column-wrapper stk-block-column__content stk-container stk-8edda21-container stk--no-background stk--no-padding\"><div class=\"stk-block-content stk-inner-blocks stk-8edda21-inner-blocks\">\n<p><\/p>\n\n\n\n<div class=\"wp-block-stackable-heading stk-block-heading stk-block-heading--v2 stk-block stk-0938cfc\" id=\"span-style-color-var-theme-palette-color-1-071566-class-stk-highlight-nuestras-oficinas-span\" data-block-id=\"0938cfc\"><style>.stk-0938cfc {margin-bottom:20px !important;}<\/style><h2 class=\"stk-block-heading__text\"><span style=\"color: var(--theme-palette-color-1, #071566);\" class=\"stk-highlight\">NUESTRAS OFICINAS<\/span><\/h2><\/div>\n\n\n\n<p>Contamos con presencia f\u00edsica en <span style=\"color: var(--theme-palette-color-1, #071566);\" class=\"stk-highlight\"><strong>9 pa\u00edses<\/strong><\/span> y ahora en dos puntos estrat\u00e9gicos que nos permiten operar con eficiencia y cercan\u00eda al cliente:<\/p>\n\n\n\n<p><span style=\"color: var(--theme-palette-color-1, #071566);\" class=\"stk-highlight\"><strong>QUITO &#8211;<\/strong> <strong>Ecuador<\/strong><\/span><strong> (Sede Operacional):<\/strong> Catalina Aldaz N34-168 y Portugal | Edificio \u00abLa Recoleta\u00bb | Oficina 95.<\/p>\n\n\n\n<p><span style=\"color: var(--theme-palette-color-1, #071566);\" class=\"stk-highlight\"><strong>MIAMI &#8211;<\/strong> <strong>USA<\/strong><\/span><strong> (Oficina Comercial):<\/strong> 555 NE 15TH ST, MIAMI, FL.<\/p>\n\n\n\n<div class=\"wp-block-stackable-heading stk-block-heading stk-block-heading--v2 stk-block stk-bbaf3d1\" id=\"span-style-color-var-theme-palette-color-1-071566-class-stk-highlight-contacto-directo-span\" data-block-id=\"bbaf3d1\"><style>.stk-bbaf3d1 {margin-bottom:0px !important;}<\/style><h4 class=\"stk-block-heading__text\"><span style=\"color: var(--theme-palette-color-1, #071566);\" class=\"stk-highlight\">CONT\u00c1CTO DIRECTO:<\/span><\/h4><\/div>\n\n\n\n<p>\ud83d\udce7 gerenciacomercial@ceiplatrade.com<br>\ud83d\udcde (+593) 98 770 2954 | (+1) 786 902 4405<\/p>\n<\/div><\/div><\/div>\n\n\n\n<div class=\"wp-block-stackable-column stk-block-column stk-column stk-block stk-e717c43\" data-v=\"4\" data-block-id=\"e717c43\"><style>@media screen and (min-width:690px){.stk-e717c43 {flex:var(--stk-flex-grow, 1) 1 66.7% !important;}}<\/style><div class=\"stk-column-wrapper stk-block-column__content stk-container stk-e717c43-container stk--no-background stk--no-padding\"><div class=\"stk-block-content stk-inner-blocks stk-e717c43-inner-blocks\">\n<div class=\"wp-block-stackable-image stk-block-image stk-block stk-ca10bf3\" data-block-id=\"ca10bf3\"><style>.stk-ca10bf3 .stk-img-wrapper{width:100% !important;height:500px !important;}<\/style><figure><span class=\"stk-img-wrapper stk-image--shape-stretch\"><img loading=\"lazy\" decoding=\"async\" class=\"stk-img wp-image-692\" src=\"https:\/\/ceiplatrade.com\/wp-content\/uploads\/2025\/08\/9-paises-ceipla-trade.png\" width=\"1920\" height=\"1080\"\/><\/span><\/figure><\/div>\n<\/div><\/div><\/div>\n<\/div><\/div>\n\n\n\n<div class=\"wp-block-stackable-columns stk-block-columns stk-block stk-421a0b3\" data-block-id=\"421a0b3\"><div class=\"stk-row stk-inner-blocks stk-block-content stk-content-align stk-421a0b3-column\">\n<div class=\"wp-block-stackable-column stk-block-column stk-column stk-block stk-b2d4105\" data-v=\"4\" data-block-id=\"b2d4105\"><div class=\"stk-column-wrapper stk-block-column__content stk-container stk-b2d4105-container stk--no-background stk--no-padding\"><div class=\"stk-block-content stk-inner-blocks stk-b2d4105-inner-blocks\">\n<div class=\"wp-block-stackable-button-group stk-block-button-group stk-block stk-10fd366\" data-block-id=\"10fd366\"><div class=\"stk-row stk-inner-blocks has-text-align-right stk-block-content stk-button-group\">\n<div class=\"wp-block-stackable-button stk-block-button stk-block stk-f505cdc\" data-block-id=\"f505cdc\"><a class=\"stk-link stk-button stk--hover-effect-scale\" href=\"https:\/\/ceiplatrade.com\/index.php\/catalogo\/\"><span class=\"stk-button__inner-text\">Cat\u00e1logo de Productos<\/span><\/a><\/div>\n<\/div><\/div>\n<\/div><\/div><\/div>\n\n\n\n<div class=\"wp-block-stackable-column stk-block-column stk-column stk-block stk-6c30aad\" data-v=\"4\" data-block-id=\"6c30aad\"><div class=\"stk-column-wrapper stk-block-column__content stk-container stk-6c30aad-container stk--no-background stk--no-padding\"><div class=\"stk-block-content stk-inner-blocks stk-6c30aad-inner-blocks\">\n<div class=\"wp-block-stackable-button-group stk-block-button-group stk-block stk-d0d679d\" data-block-id=\"d0d679d\"><div class=\"stk-row stk-inner-blocks stk-block-content stk-button-group\">\n<div class=\"wp-block-stackable-button stk-block-button is-style-ghost stk-block stk-7251a19\" data-block-id=\"7251a19\"><style>.stk-7251a19 .stk-button{background:transparent !important;}.stk-7251a19 .stk-button:hover:after{background:transparent !important;opacity:1 !important;}:where(.stk-hover-parent:hover,  .stk-hover-parent.stk--is-hovered) .stk-7251a19 .stk-button:after{background:transparent !important;opacity:1 !important;}.stk-7251a19 .stk-button:before{border-style:solid !important;}<\/style><a class=\"stk-link stk-button stk--hover-effect-scale\" href=\"https:\/\/ceiplatrade.com\/index.php\/contact-us\/\"><span class=\"stk-button__inner-text\">Contactar Equipo<\/span><\/a><\/div>\n<\/div><\/div>\n<\/div><\/div><\/div>\n<\/div><\/div>\n\n\n\n<p><\/p>\n","protected":false},"excerpt":{"rendered":"<p>LAS PERSONAS DETR\u00c1S DE CADA LOGRO En CEIPLA TRADE creemos que los negocios internacionales no se construyen solo con productos, sino con personas. Nuestro equipo est\u00e1 conformado por profesionales en comercio exterior, log\u00edstica, calidad y desarrollo de mercados que hacen posible cada operaci\u00f3n. NUESTRO EQUIPO Ing. Marcelo Guti\u00e9rrez Vinueza PRESIDENTE EJECUTIVO CEIPLA Javier de Gregorio [&hellip;]<\/p>\n","protected":false},"author":1,"featured_media":0,"parent":0,"menu_order":0,"comment_status":"closed","ping_status":"closed","template":"","meta":{"footnotes":""},"class_list":["post-1043","page","type-page","status-publish","hentry"],"blocksy_meta":[],"jetpack_sharing_enabled":true,"_links":{"self":[{"href":"https:\/\/ceiplatrade.com\/index.php\/wp-json\/wp\/v2\/pages\/1043","targetHints":{"allow":["GET"]}}],"collection":[{"href":"https:\/\/ceiplatrade.com\/index.php\/wp-json\/wp\/v2\/pages"}],"about":[{"href":"https:\/\/ceiplatrade.com\/index.php\/wp-json\/wp\/v2\/types\/page"}],"author":[{"embeddable":true,"href":"https:\/\/ceiplatrade.com\/index.php\/wp-json\/wp\/v2\/users\/1"}],"replies":[{"embeddable":true,"href":"https:\/\/ceiplatrade.com\/index.php\/wp-json\/wp\/v2\/comments?post=1043"}],"version-history":[{"count":22,"href":"https:\/\/ceiplatrade.com\/index.php\/wp-json\/wp\/v2\/pages\/1043\/revisions"}],"predecessor-version":[{"id":2015,"href":"https:\/\/ceiplatrade.com\/index.php\/wp-json\/wp\/v2\/pages\/1043\/revisions\/2015"}],"wp:attachment":[{"href":"https:\/\/ceiplatrade.com\/index.php\/wp-json\/wp\/v2\/media?parent=1043"}],"curies":[{"name":"wp","href":"https:\/\/api.w.org\/{rel}","templated":true}]}}