{"id":1743,"date":"2025-11-21T20:19:06","date_gmt":"2025-11-21T19:19:06","guid":{"rendered":"https:\/\/ceiplatrade.com\/?page_id=1743"},"modified":"2025-11-24T18:58:54","modified_gmt":"2025-11-24T17:58:54","slug":"granos-cereales","status":"publish","type":"page","link":"https:\/\/ceiplatrade.com\/index.php\/granos-cereales\/","title":{"rendered":"Granos &amp; Cereales"},"content":{"rendered":"\n<div class=\"wp-block-stackable-columns stk-block-columns stk-block stk-b6390e2\" data-block-id=\"b6390e2\"><div class=\"stk-row stk-inner-blocks stk-block-content stk-content-align stk-b6390e2-column\">\n<div class=\"wp-block-stackable-column stk-block-column stk-column stk-block stk-2eeb960\" data-v=\"4\" data-block-id=\"2eeb960\"><div class=\"stk-column-wrapper stk-block-column__content stk-container stk-2eeb960-container stk--no-background stk--no-padding\"><div class=\"stk-block-content stk-inner-blocks stk-2eeb960-inner-blocks\">\n<div class=\"wp-block-stackable-card stk-block-card stk-block stk-e8f7b04 is-style-default\" data-v=\"2\" data-block-id=\"e8f7b04\"><div class=\"stk--no-padding stk-container stk-e8f7b04-container stk-hover-parent\"><figure class=\"stk-block-card__image stk-img-wrapper stk-image--shape-stretch\"><img loading=\"lazy\" decoding=\"async\" class=\"stk-img wp-image-1744\" src=\"https:\/\/ceiplatrade.com\/wp-content\/uploads\/2025\/11\/arroz-en-la-cosecha-el-arroz-amarillo-dorado-en-la-mano-granjero-llevando-el-arroz-en-la-mano-arroz-scaled.jpg\" width=\"2560\" height=\"1709\" srcset=\"https:\/\/ceiplatrade.com\/wp-content\/uploads\/2025\/11\/arroz-en-la-cosecha-el-arroz-amarillo-dorado-en-la-mano-granjero-llevando-el-arroz-en-la-mano-arroz-scaled.jpg 2560w, https:\/\/ceiplatrade.com\/wp-content\/uploads\/2025\/11\/arroz-en-la-cosecha-el-arroz-amarillo-dorado-en-la-mano-granjero-llevando-el-arroz-en-la-mano-arroz-300x200.jpg 300w, https:\/\/ceiplatrade.com\/wp-content\/uploads\/2025\/11\/arroz-en-la-cosecha-el-arroz-amarillo-dorado-en-la-mano-granjero-llevando-el-arroz-en-la-mano-arroz-1024x683.jpg 1024w, https:\/\/ceiplatrade.com\/wp-content\/uploads\/2025\/11\/arroz-en-la-cosecha-el-arroz-amarillo-dorado-en-la-mano-granjero-llevando-el-arroz-en-la-mano-arroz-768x513.jpg 768w, https:\/\/ceiplatrade.com\/wp-content\/uploads\/2025\/11\/arroz-en-la-cosecha-el-arroz-amarillo-dorado-en-la-mano-granjero-llevando-el-arroz-en-la-mano-arroz-1536x1025.jpg 1536w, https:\/\/ceiplatrade.com\/wp-content\/uploads\/2025\/11\/arroz-en-la-cosecha-el-arroz-amarillo-dorado-en-la-mano-granjero-llevando-el-arroz-en-la-mano-arroz-2048x1367.jpg 2048w, https:\/\/ceiplatrade.com\/wp-content\/uploads\/2025\/11\/arroz-en-la-cosecha-el-arroz-amarillo-dorado-en-la-mano-granjero-llevando-el-arroz-en-la-mano-arroz-1320x881.jpg 1320w, https:\/\/ceiplatrade.com\/wp-content\/uploads\/2025\/11\/arroz-en-la-cosecha-el-arroz-amarillo-dorado-en-la-mano-granjero-llevando-el-arroz-en-la-mano-arroz-600x400.jpg 600w\" sizes=\"auto, (max-width: 2560px) 100vw, 2560px\" \/><\/figure><div class=\"stk-container-padding stk-block-card__content\"><div class=\"stk-block-content stk-inner-blocks stk-e8f7b04-inner-blocks\">\n<div class=\"wp-block-stackable-heading stk-block-heading stk-block-heading--v2 stk-block stk-2d87365\" id=\"span-style-color-var-theme-palette-color-1-071566-class-stk-highlight-arroz-amp-trigo-span\" data-block-id=\"2d87365\"><style>.stk-2d87365 {margin-bottom:0px !important;}<\/style><h5 class=\"stk-block-heading__text has-text-align-center\"><span style=\"color: var(--theme-palette-color-1, #071566);\" class=\"stk-highlight\">Arroz &amp; Trigo<\/span><\/h5><\/div>\n\n\n\n<div class=\"wp-block-stackable-columns stk-block-columns stk-block stk-a5cf88f\" data-block-id=\"a5cf88f\"><div class=\"stk-row stk-inner-blocks stk-block-content stk-content-align stk-a5cf88f-column\">\n<div class=\"wp-block-stackable-column stk-block-column stk-column stk-block stk-e3abfda\" data-v=\"4\" data-block-id=\"e3abfda\"><div class=\"stk-column-wrapper stk-block-column__content stk-container stk-e3abfda-container stk--no-background stk--no-padding\"><div class=\"stk-block-content stk-inner-blocks stk-e3abfda-inner-blocks\">\n<div class=\"wp-block-stackable-button-group stk-block-button-group stk-block stk-3ddd131\" data-block-id=\"3ddd131\"><div class=\"stk-row stk-inner-blocks has-text-align-right stk-block-content stk-button-group\">\n<div class=\"wp-block-stackable-button stk-block-button has-text-align-right is-style-ghost stk-block stk-e274509\" data-block-id=\"e274509\"><style>.stk-e274509 .stk-button{background:transparent !important;border-top-left-radius:var(--stk--preset--border-radius--medium, 8px) !important;border-top-right-radius:var(--stk--preset--border-radius--medium, 8px) !important;border-bottom-right-radius:var(--stk--preset--border-radius--medium, 8px) !important;border-bottom-left-radius:var(--stk--preset--border-radius--medium, 8px) !important;}.stk-e274509 .stk-button:hover:after{background:transparent !important;opacity:1 !important;}:where(.stk-hover-parent:hover,  .stk-hover-parent.stk--is-hovered) .stk-e274509 .stk-button:after{background:transparent !important;opacity:1 !important;}.stk-e274509 .stk-button:before{border-style:solid !important;}<\/style><a class=\"stk-link stk-button stk--hover-effect-scale\" href=\"https:\/\/ceiplatrade.com\/index.php\/arroz-trigo\/\"><span class=\"stk-button__inner-text\">INFORMACI\u00d3N<\/span><\/a><\/div>\n<\/div><\/div>\n<\/div><\/div><\/div>\n\n\n\n<div class=\"wp-block-stackable-column stk-block-column stk-column stk-block stk-43a619e\" data-v=\"4\" data-block-id=\"43a619e\"><div class=\"stk-column-wrapper stk-block-column__content stk-container stk-43a619e-container stk--no-background stk--no-padding\"><div class=\"stk-block-content stk-inner-blocks stk-43a619e-inner-blocks\">\n<div class=\"wp-block-stackable-button-group stk-block-button-group stk-block stk-6271420\" data-block-id=\"6271420\"><div class=\"stk-row stk-inner-blocks has-text-align-left stk-block-content stk-button-group\">\n<div class=\"wp-block-stackable-button stk-block-button stk-block stk-4ba0b0a\" data-block-id=\"4ba0b0a\"><style>.stk-4ba0b0a .stk-button{border-top-left-radius:var(--stk--preset--border-radius--medium, 8px) !important;border-top-right-radius:var(--stk--preset--border-radius--medium, 8px) !important;border-bottom-right-radius:var(--stk--preset--border-radius--medium, 8px) !important;border-bottom-left-radius:var(--stk--preset--border-radius--medium, 8px) !important;}<\/style><a class=\"stk-link stk-button stk--hover-effect-scale\" href=\"https:\/\/ceiplatrade.com\/index.php\/cotizaciones\/\"><span class=\"stk-button__inner-text\">COTIZAR<\/span><\/a><\/div>\n<\/div><\/div>\n<\/div><\/div><\/div>\n<\/div><\/div>\n<\/div><\/div><\/div><\/div>\n<\/div><\/div><\/div>\n\n\n\n<div class=\"wp-block-stackable-column stk-block-column stk-column stk-block stk-84d7a1b\" data-v=\"4\" data-block-id=\"84d7a1b\"><div class=\"stk-column-wrapper stk-block-column__content stk-container stk-84d7a1b-container stk--no-background stk--no-padding\"><div class=\"stk-block-content stk-inner-blocks stk-84d7a1b-inner-blocks\">\n<div class=\"wp-block-stackable-card stk-block-card stk-block stk-73432fd is-style-default\" data-v=\"2\" data-block-id=\"73432fd\"><div class=\"stk--no-padding stk-container stk-73432fd-container stk-hover-parent\"><figure class=\"stk-block-card__image stk-img-wrapper stk-image--shape-stretch\"><img loading=\"lazy\" decoding=\"async\" class=\"stk-img wp-image-1745\" src=\"https:\/\/ceiplatrade.com\/wp-content\/uploads\/2025\/11\/WhatsApp-Image-2025-11-18-at-3.44.20-PM-3.jpeg\" width=\"900\" height=\"1600\" srcset=\"https:\/\/ceiplatrade.com\/wp-content\/uploads\/2025\/11\/WhatsApp-Image-2025-11-18-at-3.44.20-PM-3.jpeg 900w, https:\/\/ceiplatrade.com\/wp-content\/uploads\/2025\/11\/WhatsApp-Image-2025-11-18-at-3.44.20-PM-3-169x300.jpeg 169w, https:\/\/ceiplatrade.com\/wp-content\/uploads\/2025\/11\/WhatsApp-Image-2025-11-18-at-3.44.20-PM-3-576x1024.jpeg 576w, https:\/\/ceiplatrade.com\/wp-content\/uploads\/2025\/11\/WhatsApp-Image-2025-11-18-at-3.44.20-PM-3-768x1365.jpeg 768w, https:\/\/ceiplatrade.com\/wp-content\/uploads\/2025\/11\/WhatsApp-Image-2025-11-18-at-3.44.20-PM-3-864x1536.jpeg 864w, https:\/\/ceiplatrade.com\/wp-content\/uploads\/2025\/11\/WhatsApp-Image-2025-11-18-at-3.44.20-PM-3-300x533.jpeg 300w, https:\/\/ceiplatrade.com\/wp-content\/uploads\/2025\/11\/WhatsApp-Image-2025-11-18-at-3.44.20-PM-3-600x1067.jpeg 600w\" sizes=\"auto, (max-width: 900px) 100vw, 900px\" \/><\/figure><div class=\"stk-container-padding stk-block-card__content\"><div class=\"stk-block-content stk-inner-blocks stk-73432fd-inner-blocks\">\n<div class=\"wp-block-stackable-heading stk-block-heading stk-block-heading--v2 stk-block stk-85b6a7a\" id=\"span-style-color-var-theme-palette-color-1-071566-class-stk-highlight-legumbres-span\" data-block-id=\"85b6a7a\"><style>.stk-85b6a7a {margin-bottom:0px !important;}<\/style><h5 class=\"stk-block-heading__text has-text-align-center\"><span style=\"color: var(--theme-palette-color-1, #071566);\" class=\"stk-highlight\">Legumbres<\/span><\/h5><\/div>\n\n\n\n<div class=\"wp-block-stackable-columns stk-block-columns stk-block stk-df331ad\" data-block-id=\"df331ad\"><div class=\"stk-row stk-inner-blocks stk-block-content stk-content-align stk-df331ad-column\">\n<div class=\"wp-block-stackable-column stk-block-column stk-column stk-block stk-b77452c\" data-v=\"4\" data-block-id=\"b77452c\"><div class=\"stk-column-wrapper stk-block-column__content stk-container stk-b77452c-container stk--no-background stk--no-padding\"><div class=\"stk-block-content stk-inner-blocks stk-b77452c-inner-blocks\">\n<div class=\"wp-block-stackable-button-group stk-block-button-group stk-block stk-c485b55\" data-block-id=\"c485b55\"><div class=\"stk-row stk-inner-blocks has-text-align-right stk-block-content stk-button-group\">\n<div class=\"wp-block-stackable-button stk-block-button has-text-align-right is-style-ghost stk-block stk-42ecc7b\" data-block-id=\"42ecc7b\"><style>.stk-42ecc7b .stk-button{background:transparent !important;border-top-left-radius:var(--stk--preset--border-radius--medium, 8px) !important;border-top-right-radius:var(--stk--preset--border-radius--medium, 8px) !important;border-bottom-right-radius:var(--stk--preset--border-radius--medium, 8px) !important;border-bottom-left-radius:var(--stk--preset--border-radius--medium, 8px) !important;}.stk-42ecc7b .stk-button:hover:after{background:transparent !important;opacity:1 !important;}:where(.stk-hover-parent:hover,  .stk-hover-parent.stk--is-hovered) .stk-42ecc7b .stk-button:after{background:transparent !important;opacity:1 !important;}.stk-42ecc7b .stk-button:before{border-style:solid !important;}<\/style><a class=\"stk-link stk-button stk--hover-effect-scale\" href=\"https:\/\/ceiplatrade.com\/index.php\/legumbres\/\"><span class=\"stk-button__inner-text\">INFORMACI\u00d3N<\/span><\/a><\/div>\n<\/div><\/div>\n<\/div><\/div><\/div>\n\n\n\n<div class=\"wp-block-stackable-column stk-block-column stk-column stk-block stk-b434ff0\" data-v=\"4\" data-block-id=\"b434ff0\"><div class=\"stk-column-wrapper stk-block-column__content stk-container stk-b434ff0-container stk--no-background stk--no-padding\"><div class=\"stk-block-content stk-inner-blocks stk-b434ff0-inner-blocks\">\n<div class=\"wp-block-stackable-button-group stk-block-button-group stk-block stk-2824ab9\" data-block-id=\"2824ab9\"><div class=\"stk-row stk-inner-blocks has-text-align-left stk-block-content stk-button-group\">\n<div class=\"wp-block-stackable-button stk-block-button stk-block stk-e05abea\" data-block-id=\"e05abea\"><style>.stk-e05abea .stk-button{border-top-left-radius:var(--stk--preset--border-radius--medium, 8px) !important;border-top-right-radius:var(--stk--preset--border-radius--medium, 8px) !important;border-bottom-right-radius:var(--stk--preset--border-radius--medium, 8px) !important;border-bottom-left-radius:var(--stk--preset--border-radius--medium, 8px) !important;}<\/style><a class=\"stk-link stk-button stk--hover-effect-scale\" href=\"https:\/\/ceiplatrade.com\/index.php\/cotizaciones\/\"><span class=\"stk-button__inner-text\">COTIZAR<\/span><\/a><\/div>\n<\/div><\/div>\n<\/div><\/div><\/div>\n<\/div><\/div>\n<\/div><\/div><\/div><\/div>\n<\/div><\/div><\/div>\n\n\n\n<div class=\"wp-block-stackable-column stk-block-column stk-column stk-block stk-7b176ad\" data-v=\"4\" data-block-id=\"7b176ad\"><div class=\"stk-column-wrapper stk-block-column__content stk-container stk-7b176ad-container stk--no-background stk--no-padding\"><div class=\"stk-block-content stk-inner-blocks stk-7b176ad-inner-blocks\"><\/div><\/div><\/div>\n\n\n\n<div class=\"wp-block-stackable-column stk-block-column stk-column stk-block stk-85fc6c6\" data-v=\"4\" data-block-id=\"85fc6c6\"><div class=\"stk-column-wrapper stk-block-column__content stk-container stk-85fc6c6-container stk--no-background stk--no-padding\"><div class=\"stk-block-content stk-inner-blocks stk-85fc6c6-inner-blocks\"><\/div><\/div><\/div>\n<\/div><\/div>\n\n\n\n<div class=\"wp-block-stackable-button-group stk-block-button-group stk-block stk-d2579f2\" data-block-id=\"d2579f2\"><div class=\"stk-row stk-inner-blocks has-text-align-center stk-block-content stk-button-group\">\n<div class=\"wp-block-stackable-button stk-block-button stk-block stk-f9384c3\" data-block-id=\"f9384c3\"><a class=\"stk-link stk-button stk--hover-effect-scale\" href=\"https:\/\/ceiplatrade.com\/index.php\/catalogo-ceipla-trade\/\"><span class=\"stk-button__inner-text\">VOLVER A CAT\u00c1LOGO<\/span><\/a><\/div>\n<\/div><\/div>\n","protected":false},"excerpt":{"rendered":"<p>Arroz &amp; Trigo INFORMACI\u00d3N COTIZAR Legumbres INFORMACI\u00d3N COTIZAR VOLVER A CAT\u00c1LOGO<\/p>\n","protected":false},"author":1,"featured_media":0,"parent":0,"menu_order":0,"comment_status":"closed","ping_status":"closed","template":"","meta":{"footnotes":""},"class_list":["post-1743","page","type-page","status-publish","hentry"],"blocksy_meta":[],"jetpack_sharing_enabled":true,"_links":{"self":[{"href":"https:\/\/ceiplatrade.com\/index.php\/wp-json\/wp\/v2\/pages\/1743","targetHints":{"allow":["GET"]}}],"collection":[{"href":"https:\/\/ceiplatrade.com\/index.php\/wp-json\/wp\/v2\/pages"}],"about":[{"href":"https:\/\/ceiplatrade.com\/index.php\/wp-json\/wp\/v2\/types\/page"}],"author":[{"embeddable":true,"href":"https:\/\/ceiplatrade.com\/index.php\/wp-json\/wp\/v2\/users\/1"}],"replies":[{"embeddable":true,"href":"https:\/\/ceiplatrade.com\/index.php\/wp-json\/wp\/v2\/comments?post=1743"}],"version-history":[{"count":4,"href":"https:\/\/ceiplatrade.com\/index.php\/wp-json\/wp\/v2\/pages\/1743\/revisions"}],"predecessor-version":[{"id":1900,"href":"https:\/\/ceiplatrade.com\/index.php\/wp-json\/wp\/v2\/pages\/1743\/revisions\/1900"}],"wp:attachment":[{"href":"https:\/\/ceiplatrade.com\/index.php\/wp-json\/wp\/v2\/media?parent=1743"}],"curies":[{"name":"wp","href":"https:\/\/api.w.org\/{rel}","templated":true}]}}