{"id":1762,"date":"2025-11-21T22:03:42","date_gmt":"2025-11-21T21:03:42","guid":{"rendered":"https:\/\/ceiplatrade.com\/?page_id=1762"},"modified":"2025-11-21T22:04:48","modified_gmt":"2025-11-21T21:04:48","slug":"papas-premium","status":"publish","type":"page","link":"https:\/\/ceiplatrade.com\/index.php\/papas-premium\/","title":{"rendered":"PAPAS PREMIUM"},"content":{"rendered":"\n<div class=\"wp-block-stackable-heading stk-block-heading stk-block-heading--v2 stk-block stk-88894dd\" id=\"papa-fresca-seleccionada-span-style-color-var-theme-palette-color-1-071566-class-stk-highlight-calidad-uniforme-span-abastecimiento-garantizado\" data-block-id=\"88894dd\"><h4 class=\"stk-block-heading__text has-text-align-center\">Papa fresca seleccionada \u2022 <span style=\"color: var(--theme-palette-color-1, #071566);\" class=\"stk-highlight\">Calidad uniforme<\/span> \u2022 Abastecimiento garantizado<\/h4><\/div>\n\n\n\n<div class=\"wp-block-stackable-columns stk-block-columns stk-block stk-9be1eec\" data-block-id=\"9be1eec\"><style>.stk-9be1eec {margin-bottom:50px !important;}<\/style><div class=\"stk-row stk-inner-blocks stk-block-content stk-content-align stk-9be1eec-column\">\n<div class=\"wp-block-stackable-column stk-block-column stk-column stk-block stk-8945aec\" data-v=\"4\" data-block-id=\"8945aec\"><div class=\"stk-column-wrapper stk-block-column__content stk-container stk-8945aec-container stk--no-background stk--no-padding\"><div class=\"stk-block-content stk-inner-blocks stk-8945aec-inner-blocks\">\n<div class=\"wp-block-stackable-image stk-block-image stk-block stk-bc1548a\" data-block-id=\"bc1548a\"><style>.stk-bc1548a .stk-img-wrapper{width:100% !important;height:428px !important;}<\/style><figure><span class=\"stk-img-wrapper stk-image--shape-stretch\"><img loading=\"lazy\" decoding=\"async\" class=\"stk-img wp-image-1763\" src=\"https:\/\/ceiplatrade.com\/wp-content\/uploads\/2025\/11\/WhatsApp-Image-2025-11-18-at-3.25.26-PM.jpeg\" width=\"1200\" height=\"1600\" srcset=\"https:\/\/ceiplatrade.com\/wp-content\/uploads\/2025\/11\/WhatsApp-Image-2025-11-18-at-3.25.26-PM.jpeg 1200w, https:\/\/ceiplatrade.com\/wp-content\/uploads\/2025\/11\/WhatsApp-Image-2025-11-18-at-3.25.26-PM-225x300.jpeg 225w, https:\/\/ceiplatrade.com\/wp-content\/uploads\/2025\/11\/WhatsApp-Image-2025-11-18-at-3.25.26-PM-768x1024.jpeg 768w, https:\/\/ceiplatrade.com\/wp-content\/uploads\/2025\/11\/WhatsApp-Image-2025-11-18-at-3.25.26-PM-1152x1536.jpeg 1152w, https:\/\/ceiplatrade.com\/wp-content\/uploads\/2025\/11\/WhatsApp-Image-2025-11-18-at-3.25.26-PM-300x400.jpeg 300w, https:\/\/ceiplatrade.com\/wp-content\/uploads\/2025\/11\/WhatsApp-Image-2025-11-18-at-3.25.26-PM-600x800.jpeg 600w\" sizes=\"auto, (max-width: 1200px) 100vw, 1200px\" \/><\/span><\/figure><\/div>\n<\/div><\/div><\/div>\n\n\n\n<div class=\"wp-block-stackable-column stk-block-column stk-column stk-block stk-bba7147\" data-v=\"4\" data-block-id=\"bba7147\"><div class=\"stk-column-wrapper stk-block-column__content stk-container stk-bba7147-container stk--no-background stk--no-padding\"><div class=\"stk-block-content stk-inner-blocks stk-bba7147-inner-blocks\">\n<p>La papa que comercializa CEIPLA TRADE forma parte del Ecosistema CEIPLA, lo que garantiza <strong><span style=\"color: var(--theme-palette-color-1, #071566);\" class=\"stk-highlight\">compras directas en origen<\/span><\/strong>, productores verificados y <strong><span style=\"color: var(--theme-palette-color-1, #071566);\" class=\"stk-highlight\">trazabilidad total lote por lote<\/span><\/strong> mediante CEIPLA Blockchain Impact+\u2122.<\/p>\n\n\n\n<p>Seleccionamos papa de zonas de altura con suelos f\u00e9rtiles, procesos de cosecha estandarizados y manejo poscosecha optimizado para mantener firmeza, color y vida \u00fatil en su tr\u00e1nsito internacional.<\/p>\n\n\n\n<h4 class=\"wp-block-heading\"><strong><span style=\"color: var(--theme-palette-color-1, #071566);\" class=\"stk-highlight\">Variedades disponibles<\/span><\/strong><\/h4>\n\n\n\n<ul class=\"wp-block-list\">\n<li>Papa Superchola.<\/li>\n\n\n\n<li>Papa \u00danica.<\/li>\n\n\n\n<li>Papa Victoria.<\/li>\n\n\n\n<li>Papa Fripapa (ideal para industria).<\/li>\n<\/ul>\n<\/div><\/div><\/div>\n<\/div><\/div>\n\n\n\n<div class=\"wp-block-stackable-columns stk-block-columns stk-block stk-9f91eac\" data-block-id=\"9f91eac\"><div class=\"stk-row stk-inner-blocks stk-block-content stk-content-align stk-9f91eac-column\">\n<div class=\"wp-block-stackable-column stk-block-column stk-column stk-block stk-e7d63a6\" data-v=\"4\" data-block-id=\"e7d63a6\"><style>@media screen and (min-width:690px){.stk-e7d63a6 {flex:var(--stk-flex-grow, 1) 1 25% !important;}}<\/style><div class=\"stk-column-wrapper stk-block-column__content stk-container stk-e7d63a6-container stk--no-background stk--no-padding\"><div class=\"stk-block-content stk-inner-blocks stk-e7d63a6-inner-blocks\">\n<h3 class=\"wp-block-heading\"><strong><span style=\"color: var(--theme-palette-color-1, #071566);\" class=\"stk-highlight\">Calidad &amp; Procesos<\/span><\/strong><\/h3>\n\n\n\n<ul class=\"wp-block-list\">\n<li>Selecci\u00f3n por calibre:<span style=\"color: var(--theme-palette-color-1, #071566);\" class=\"stk-highlight\"> <strong>40\u201370 mm y 70\u2013100 mm<\/strong><\/span><\/li>\n\n\n\n<li>Limpieza y clasificaci\u00f3n manual<\/li>\n\n\n\n<li>Control de humedad y respiraci\u00f3n<\/li>\n\n\n\n<li>Empaque en sacos de malla o yute (25 kg \/ 50 kg)<\/li>\n<\/ul>\n<\/div><\/div><\/div>\n\n\n\n<div class=\"wp-block-stackable-column stk-block-column stk-column stk-block stk-4ec38b3\" data-v=\"4\" data-block-id=\"4ec38b3\"><style>@media screen and (min-width:690px){.stk-4ec38b3 {flex:var(--stk-flex-grow, 1) 1 50% !important;}}<\/style><div class=\"stk-column-wrapper stk-block-column__content stk-container stk-4ec38b3-container stk--no-background stk--no-padding\"><div class=\"stk-block-content stk-inner-blocks stk-4ec38b3-inner-blocks\">\n<div class=\"wp-block-stackable-carousel stk-block-carousel stk--is-slide stk--arrows-justify-space-between stk--arrows-align-center stk-block stk-ef2c012\" data-slides-to-show=\"\" data-block-id=\"ef2c012\"><div class=\"stk-block-carousel__content-wrapper\"><div class=\"stk-row stk-inner-blocks stk-block-content stk-block-carousel__slider-wrapper stk-content-align stk-ef2c012-column\"><div class=\"stk-block-carousel__slider\" role=\"list\" data-autoplay=\"4000\" data-label-slide-of=\"Slide %%d of %%d\" tabindex=\"0\">\n<div class=\"wp-block-stackable-column stk-block-column stk-column stk-block stk-28f1aab\" data-v=\"4\" data-block-id=\"28f1aab\"><div class=\"stk-column-wrapper stk-block-column__content stk-container stk-28f1aab-container stk--no-background stk--no-padding\"><div class=\"stk-block-content stk-inner-blocks stk-28f1aab-inner-blocks\">\n<div class=\"wp-block-stackable-image stk-block-image stk-block stk-d106ec7\" data-block-id=\"d106ec7\"><style>.stk-d106ec7 .stk-img-wrapper{width:100% !important;height:311px !important;}<\/style><figure><span class=\"stk-img-wrapper stk-image--shape-stretch\"><img loading=\"lazy\" decoding=\"async\" class=\"stk-img wp-image-1764\" src=\"https:\/\/ceiplatrade.com\/wp-content\/uploads\/2025\/11\/WhatsApp-Image-2025-11-18-at-3.25.27-PM.jpeg\" width=\"1200\" height=\"1600\" srcset=\"https:\/\/ceiplatrade.com\/wp-content\/uploads\/2025\/11\/WhatsApp-Image-2025-11-18-at-3.25.27-PM.jpeg 1200w, https:\/\/ceiplatrade.com\/wp-content\/uploads\/2025\/11\/WhatsApp-Image-2025-11-18-at-3.25.27-PM-225x300.jpeg 225w, https:\/\/ceiplatrade.com\/wp-content\/uploads\/2025\/11\/WhatsApp-Image-2025-11-18-at-3.25.27-PM-768x1024.jpeg 768w, https:\/\/ceiplatrade.com\/wp-content\/uploads\/2025\/11\/WhatsApp-Image-2025-11-18-at-3.25.27-PM-1152x1536.jpeg 1152w, https:\/\/ceiplatrade.com\/wp-content\/uploads\/2025\/11\/WhatsApp-Image-2025-11-18-at-3.25.27-PM-300x400.jpeg 300w, https:\/\/ceiplatrade.com\/wp-content\/uploads\/2025\/11\/WhatsApp-Image-2025-11-18-at-3.25.27-PM-600x800.jpeg 600w\" sizes=\"auto, (max-width: 1200px) 100vw, 1200px\" \/><\/span><\/figure><\/div>\n<\/div><\/div><\/div>\n\n\n\n<div class=\"wp-block-stackable-column stk-block-column stk-column stk-block stk-07c1992\" data-v=\"4\" data-block-id=\"07c1992\"><div class=\"stk-column-wrapper stk-block-column__content stk-container stk-07c1992-container stk--no-background stk--no-padding\"><div class=\"stk-block-content stk-inner-blocks stk-07c1992-inner-blocks\">\n<div class=\"wp-block-stackable-image stk-block-image stk-block stk-74cd793\" data-block-id=\"74cd793\"><style>.stk-74cd793 .stk-img-wrapper{width:100% !important;height:313px !important;}<\/style><figure><span class=\"stk-img-wrapper stk-image--shape-stretch\"><img loading=\"lazy\" decoding=\"async\" class=\"stk-img wp-image-1765\" src=\"https:\/\/ceiplatrade.com\/wp-content\/uploads\/2025\/11\/WhatsApp-Image-2025-11-18-at-3.25.27-PM-2.jpeg\" width=\"960\" height=\"1280\" srcset=\"https:\/\/ceiplatrade.com\/wp-content\/uploads\/2025\/11\/WhatsApp-Image-2025-11-18-at-3.25.27-PM-2.jpeg 960w, https:\/\/ceiplatrade.com\/wp-content\/uploads\/2025\/11\/WhatsApp-Image-2025-11-18-at-3.25.27-PM-2-225x300.jpeg 225w, https:\/\/ceiplatrade.com\/wp-content\/uploads\/2025\/11\/WhatsApp-Image-2025-11-18-at-3.25.27-PM-2-768x1024.jpeg 768w, https:\/\/ceiplatrade.com\/wp-content\/uploads\/2025\/11\/WhatsApp-Image-2025-11-18-at-3.25.27-PM-2-300x400.jpeg 300w, https:\/\/ceiplatrade.com\/wp-content\/uploads\/2025\/11\/WhatsApp-Image-2025-11-18-at-3.25.27-PM-2-600x800.jpeg 600w\" sizes=\"auto, (max-width: 960px) 100vw, 960px\" \/><\/span><\/figure><\/div>\n<\/div><\/div><\/div>\n\n\n\n<div class=\"wp-block-stackable-column stk-block-column stk-column stk-block stk-a5ad7e8\" data-v=\"4\" data-block-id=\"a5ad7e8\"><div class=\"stk-column-wrapper stk-block-column__content stk-container stk-a5ad7e8-container stk--no-background stk--no-padding\"><div class=\"stk-block-content stk-inner-blocks stk-a5ad7e8-inner-blocks\">\n<div class=\"wp-block-stackable-image stk-block-image stk-block stk-c8ef0f5\" data-block-id=\"c8ef0f5\"><style>.stk-c8ef0f5 .stk-img-wrapper{width:100% !important;height:313px !important;}<\/style><figure><span class=\"stk-img-wrapper stk-image--shape-stretch\"><img loading=\"lazy\" decoding=\"async\" class=\"stk-img wp-image-1766\" src=\"https:\/\/ceiplatrade.com\/wp-content\/uploads\/2025\/11\/WhatsApp-Image-2025-11-18-at-3.25.28-PM.jpeg\" width=\"1156\" height=\"867\" srcset=\"https:\/\/ceiplatrade.com\/wp-content\/uploads\/2025\/11\/WhatsApp-Image-2025-11-18-at-3.25.28-PM.jpeg 1156w, https:\/\/ceiplatrade.com\/wp-content\/uploads\/2025\/11\/WhatsApp-Image-2025-11-18-at-3.25.28-PM-300x225.jpeg 300w, https:\/\/ceiplatrade.com\/wp-content\/uploads\/2025\/11\/WhatsApp-Image-2025-11-18-at-3.25.28-PM-1024x768.jpeg 1024w, https:\/\/ceiplatrade.com\/wp-content\/uploads\/2025\/11\/WhatsApp-Image-2025-11-18-at-3.25.28-PM-768x576.jpeg 768w, https:\/\/ceiplatrade.com\/wp-content\/uploads\/2025\/11\/WhatsApp-Image-2025-11-18-at-3.25.28-PM-600x450.jpeg 600w\" sizes=\"auto, (max-width: 1156px) 100vw, 1156px\" \/><\/span><\/figure><\/div>\n<\/div><\/div><\/div>\n<\/div><div class=\"stk-block-carousel__buttons\"><button class=\"stk-block-carousel__button stk-block-carousel__button__prev\" aria-label=\"Previous slide\"><svg aria-hidden=\"true\" focusable=\"false\" data-prefix=\"fas\" data-icon=\"chevron-left\" class=\"svg-inline--fa fa-chevron-left\" xmlns=\"http:\/\/www.w3.org\/2000\/svg\" viewBox=\"0 0 320 512\" width=\"32\" height=\"32\"><path d=\"M34.52 239.03L228.87 44.69c9.37-9.37 24.57-9.37 33.94 0l22.67 22.67c9.36 9.36 9.37 24.52.04 33.9L131.49 256l154.02 154.75c9.34 9.38 9.32 24.54-.04 33.9l-22.67 22.67c-9.37 9.37-24.57 9.37-33.94 0L34.52 272.97c-9.37-9.37-9.37-24.57 0-33.94z\"><\/path><\/svg><\/button><button class=\"stk-block-carousel__button stk-block-carousel__button__next\" aria-label=\"Next slide\"><svg aria-hidden=\"true\" focusable=\"false\" data-prefix=\"fas\" data-icon=\"chevron-right\" class=\"svg-inline--fa fa-chevron-right\" xmlns=\"http:\/\/www.w3.org\/2000\/svg\" viewBox=\"0 0 320 512\" width=\"32\" height=\"32\"><path d=\"M285.476 272.971L91.132 467.314c-9.373 9.373-24.569 9.373-33.941 0l-22.667-22.667c-9.357-9.357-9.375-24.522-.04-33.901L188.505 256 34.484 101.255c-9.335-9.379-9.317-24.544.04-33.901l22.667-22.667c9.373-9.373 24.569-9.373 33.941 0L285.475 239.03c9.373 9.372 9.373 24.568.001 33.941z\"><\/path><\/svg><\/button><\/div><\/div><div class=\"stk-block-carousel__dots\" role=\"list\" data-label=\"Slide %%d\"><\/div><\/div><\/div>\n<\/div><\/div><\/div>\n\n\n\n<div class=\"wp-block-stackable-column stk-block-column stk-column stk-block stk-2146b18\" data-v=\"4\" data-block-id=\"2146b18\"><style>@media screen and (min-width:690px){.stk-2146b18 {flex:var(--stk-flex-grow, 1) 1 25% !important;}}<\/style><div class=\"stk-column-wrapper stk-block-column__content stk-container stk-2146b18-container stk--no-background stk--no-padding\"><div class=\"stk-block-content stk-inner-blocks stk-2146b18-inner-blocks\">\n<h3 class=\"wp-block-heading\"><strong><span style=\"color: var(--theme-palette-color-1, #071566);\" class=\"stk-highlight\">Presentaciones<\/span><\/strong><\/h3>\n\n\n\n<ul class=\"wp-block-list\">\n<li>Sacos 25 kg<\/li>\n\n\n\n<li>Sacos 50 kg<\/li>\n\n\n\n<li>A granel (para industria)<\/li>\n<\/ul>\n<\/div><\/div><\/div>\n<\/div><\/div>\n\n\n\n<div class=\"wp-block-stackable-columns stk-block-columns stk-block stk-5d4cb07\" data-block-id=\"5d4cb07\"><div class=\"stk-row stk-inner-blocks stk-block-content stk-content-align stk-5d4cb07-column\">\n<div class=\"wp-block-stackable-column stk-block-column stk-column stk-block stk-250d17f\" data-v=\"4\" data-block-id=\"250d17f\"><style>@media screen and (min-width:690px){.stk-250d17f {flex:var(--stk-flex-grow, 1) 1 33.3% !important;}}<\/style><div class=\"stk-column-wrapper stk-block-column__content stk-container stk-250d17f-container stk--no-background stk--no-padding\"><div class=\"stk-block-content stk-inner-blocks stk-250d17f-inner-blocks\">\n<div class=\"wp-block-stackable-image stk-block-image stk-block stk-0bc4558\" data-block-id=\"0bc4558\"><style>.stk-0bc4558 .stk-img-wrapper{width:100% !important;height:376px !important;}<\/style><figure><span class=\"stk-img-wrapper stk-image--shape-stretch\"><img loading=\"lazy\" decoding=\"async\" class=\"stk-img wp-image-1767\" src=\"https:\/\/ceiplatrade.com\/wp-content\/uploads\/2025\/11\/WhatsApp-Image-2025-11-18-at-3.25.26-PM-2-1.jpeg\" width=\"1200\" height=\"1600\" srcset=\"https:\/\/ceiplatrade.com\/wp-content\/uploads\/2025\/11\/WhatsApp-Image-2025-11-18-at-3.25.26-PM-2-1.jpeg 1200w, https:\/\/ceiplatrade.com\/wp-content\/uploads\/2025\/11\/WhatsApp-Image-2025-11-18-at-3.25.26-PM-2-1-225x300.jpeg 225w, https:\/\/ceiplatrade.com\/wp-content\/uploads\/2025\/11\/WhatsApp-Image-2025-11-18-at-3.25.26-PM-2-1-768x1024.jpeg 768w, https:\/\/ceiplatrade.com\/wp-content\/uploads\/2025\/11\/WhatsApp-Image-2025-11-18-at-3.25.26-PM-2-1-1152x1536.jpeg 1152w, https:\/\/ceiplatrade.com\/wp-content\/uploads\/2025\/11\/WhatsApp-Image-2025-11-18-at-3.25.26-PM-2-1-300x400.jpeg 300w, https:\/\/ceiplatrade.com\/wp-content\/uploads\/2025\/11\/WhatsApp-Image-2025-11-18-at-3.25.26-PM-2-1-600x800.jpeg 600w\" sizes=\"auto, (max-width: 1200px) 100vw, 1200px\" \/><\/span><\/figure><\/div>\n<\/div><\/div><\/div>\n\n\n\n<div class=\"wp-block-stackable-column stk-block-column stk-column stk-block stk-e1ee225\" data-v=\"4\" data-block-id=\"e1ee225\"><style>@media screen and (min-width:690px){.stk-e1ee225 {flex:var(--stk-flex-grow, 1) 1 66.7% !important;}}<\/style><div class=\"stk-column-wrapper stk-block-column__content stk-container stk-e1ee225-container stk--no-background stk--no-padding\"><div class=\"stk-block-content stk-inner-blocks stk-e1ee225-inner-blocks\">\n<h4 class=\"wp-block-heading\"><strong><span style=\"color: var(--theme-palette-color-1, #071566);\" class=\"stk-highlight\">Ventajas CEIPLA TRADE<\/span><\/strong><\/h4>\n\n\n\n<ul class=\"wp-block-list\">\n<li>Compra directa a productores Andinos<\/li>\n\n\n\n<li>Homogeneidad de calidad para Foodservice y Retail<\/li>\n\n\n\n<li>Trazabilidad verificable desde finca<\/li>\n\n\n\n<li>Auditor\u00edas internas y verificaci\u00f3n digital<\/li>\n\n\n\n<li>Cumplimiento internacional para exportaci\u00f3n<\/li>\n<\/ul>\n\n\n\n<p>Este producto forma parte del <strong><span style=\"color: var(--theme-palette-color-1, #071566);\" class=\"stk-highlight\">Ecosistema CEIPLA<\/span><\/strong>, garantizando trazabilidad completa y abastecimiento continuo.<\/p>\n\n\n\n<div class=\"wp-block-stackable-button-group stk-block-button-group stk-block stk-20a609a\" data-block-id=\"20a609a\"><div class=\"stk-row stk-inner-blocks stk-block-content stk-button-group\">\n<div class=\"wp-block-stackable-button stk-block-button stk-block stk-10cb49c\" data-block-id=\"10cb49c\"><a class=\"stk-link stk-button stk--hover-effect-scale\" href=\"https:\/\/ceiplatrade.com\/index.php\/cotizaciones\/\"><span class=\"stk-button__inner-text\">COTIZAR AHORA<\/span><\/a><\/div>\n<\/div><\/div>\n<\/div><\/div><\/div>\n<\/div><\/div>\n\n\n\n<div class=\"wp-block-stackable-columns stk-block-columns stk-block stk-8feacbd\" data-block-id=\"8feacbd\"><div class=\"stk-row stk-inner-blocks stk-block-content stk-content-align stk-8feacbd-column\">\n<div class=\"wp-block-stackable-column stk-block-column stk-column stk-block stk-d487d92\" data-v=\"4\" data-block-id=\"d487d92\"><div class=\"stk-column-wrapper stk-block-column__content stk-container stk-d487d92-container stk--no-background stk--no-padding\"><div class=\"stk-block-content stk-inner-blocks stk-d487d92-inner-blocks\"><\/div><\/div><\/div>\n\n\n\n<div class=\"wp-block-stackable-column stk-block-column stk-column stk-block stk-341e152\" data-v=\"4\" data-block-id=\"341e152\"><div class=\"stk-column-wrapper stk-block-column__content stk-container stk-341e152-container stk--no-background stk--no-padding\"><div class=\"stk-block-content stk-inner-blocks stk-341e152-inner-blocks\">\n<div class=\"wp-block-stackable-button-group stk-block-button-group stk-block stk-9534b3d\" data-block-id=\"9534b3d\"><div class=\"stk-row stk-inner-blocks stk-block-content stk-button-group\">\n<div class=\"wp-block-stackable-button stk-block-button stk-block stk-f8f46db\" data-block-id=\"f8f46db\"><a class=\"stk-link stk-button stk--hover-effect-scale\" href=\"https:\/\/ceiplatrade.com\/index.php\/hortalizas-vegetales\/\"><span class=\"stk-button__inner-text\">VOLVER A PRODUCTOS<\/span><\/a><\/div>\n<\/div><\/div>\n<\/div><\/div><\/div>\n<\/div><\/div>\n","protected":false},"excerpt":{"rendered":"<p>Papa fresca seleccionada \u2022 Calidad uniforme \u2022 Abastecimiento garantizado La papa que comercializa CEIPLA TRADE forma parte del Ecosistema CEIPLA, lo que garantiza compras directas en origen, productores verificados y trazabilidad total lote por lote mediante CEIPLA Blockchain Impact+\u2122. Seleccionamos papa de zonas de altura con suelos f\u00e9rtiles, procesos de cosecha estandarizados y manejo poscosecha [&hellip;]<\/p>\n","protected":false},"author":1,"featured_media":0,"parent":0,"menu_order":0,"comment_status":"closed","ping_status":"closed","template":"","meta":{"footnotes":""},"class_list":["post-1762","page","type-page","status-publish","hentry"],"blocksy_meta":[],"jetpack_sharing_enabled":true,"_links":{"self":[{"href":"https:\/\/ceiplatrade.com\/index.php\/wp-json\/wp\/v2\/pages\/1762","targetHints":{"allow":["GET"]}}],"collection":[{"href":"https:\/\/ceiplatrade.com\/index.php\/wp-json\/wp\/v2\/pages"}],"about":[{"href":"https:\/\/ceiplatrade.com\/index.php\/wp-json\/wp\/v2\/types\/page"}],"author":[{"embeddable":true,"href":"https:\/\/ceiplatrade.com\/index.php\/wp-json\/wp\/v2\/users\/1"}],"replies":[{"embeddable":true,"href":"https:\/\/ceiplatrade.com\/index.php\/wp-json\/wp\/v2\/comments?post=1762"}],"version-history":[{"count":3,"href":"https:\/\/ceiplatrade.com\/index.php\/wp-json\/wp\/v2\/pages\/1762\/revisions"}],"predecessor-version":[{"id":1770,"href":"https:\/\/ceiplatrade.com\/index.php\/wp-json\/wp\/v2\/pages\/1762\/revisions\/1770"}],"wp:attachment":[{"href":"https:\/\/ceiplatrade.com\/index.php\/wp-json\/wp\/v2\/media?parent=1762"}],"curies":[{"name":"wp","href":"https:\/\/api.w.org\/{rel}","templated":true}]}}