{"id":1807,"date":"2025-11-21T23:21:31","date_gmt":"2025-11-21T22:21:31","guid":{"rendered":"https:\/\/ceiplatrade.com\/?page_id=1807"},"modified":"2025-11-21T23:21:31","modified_gmt":"2025-11-21T22:21:31","slug":"mango-premium","status":"publish","type":"page","link":"https:\/\/ceiplatrade.com\/index.php\/mango-premium\/","title":{"rendered":"MANGO PREMIUM"},"content":{"rendered":"\n<div class=\"wp-block-stackable-columns stk-block-columns stk-block stk-71e01fe\" data-block-id=\"71e01fe\"><div class=\"stk-row stk-inner-blocks stk-block-content stk-content-align stk-71e01fe-column\">\n<div class=\"wp-block-stackable-column stk-block-column stk-column stk-block stk-e432e20\" data-v=\"4\" data-block-id=\"e432e20\"><style>@media screen and (min-width:690px){.stk-e432e20 {flex:var(--stk-flex-grow, 1) 1 66.7% !important;}}<\/style><div class=\"stk-column-wrapper stk-block-column__content stk-container stk-e432e20-container stk--no-background stk--no-padding\"><div class=\"stk-block-content stk-inner-blocks stk-e432e20-inner-blocks\">\n<p>El Mango Premium de CEIPLA TRADE proviene de fincas certificadas en Ecuador, Per\u00fa y M\u00e9xico, garantizando fruta fresca, uniforme y con est\u00e1ndares internacionales para mercados de retail y foodservice.<br>Exportamos variedades <strong><span style=\"color: var(--theme-palette-color-1, #071566);\" class=\"stk-highlight\">Kent, Tommy Atkins y Ataulfo<\/span><\/strong>, seleccionadas para brindar mayor vida \u00fatil, dulzura y excelente presentaci\u00f3n comercial.<\/p>\n\n\n\n<p>Gracias al <strong><span style=\"color: var(--theme-palette-color-1, #071566);\" class=\"stk-highlight\">Ecosistema CEIPLA<\/span><\/strong>, cada lote es auditado, trazado y verificado antes de salir al pa\u00eds de origen, asegurando <strong><span style=\"color: var(--theme-palette-color-1, #071566);\" class=\"stk-highlight\">calidad, consistencia y cumplimiento contractual<\/span><\/strong>.<\/p>\n\n\n\n<h4 class=\"wp-block-heading\"><span style=\"color: var(--theme-palette-color-1, #071566);\" class=\"stk-highlight\">Origen &amp; Temporada<\/span><\/h4>\n\n\n\n<p>Operamos en:<\/p>\n\n\n\n<ul class=\"wp-block-list\">\n<li><strong>Ecuador<\/strong><\/li>\n\n\n\n<li><strong>Per\u00fa<\/strong><\/li>\n\n\n\n<li><strong>M\u00e9xico<\/strong><\/li>\n<\/ul>\n\n\n\n<p>Temporadas continuas gracias al abastecimiento multiorigen.<\/p>\n<\/div><\/div><\/div>\n\n\n\n<div class=\"wp-block-stackable-column stk-block-column stk-column stk-block stk-af33cd3\" data-v=\"4\" data-block-id=\"af33cd3\"><style>@media screen and (min-width:690px){.stk-af33cd3 {flex:var(--stk-flex-grow, 1) 1 33.3% !important;}}<\/style><div class=\"stk-column-wrapper stk-block-column__content stk-container stk-af33cd3-container stk--no-background stk--no-padding\"><div class=\"stk-block-content stk-inner-blocks stk-af33cd3-inner-blocks\">\n<div class=\"wp-block-stackable-carousel stk-block-carousel stk--is-slide stk--arrows-justify-space-between stk--arrows-align-center stk-block stk-b7e1173\" data-slides-to-show=\"\" data-block-id=\"b7e1173\"><div class=\"stk-block-carousel__content-wrapper\"><div class=\"stk-row stk-inner-blocks stk-block-content stk-block-carousel__slider-wrapper stk-content-align stk-b7e1173-column\"><div class=\"stk-block-carousel__slider\" role=\"list\" data-autoplay=\"4000\" data-label-slide-of=\"Slide %%d of %%d\" tabindex=\"0\">\n<div class=\"wp-block-stackable-column stk-block-column stk-column stk-block stk-1199b98\" data-v=\"4\" data-block-id=\"1199b98\"><div class=\"stk-column-wrapper stk-block-column__content stk-container stk-1199b98-container stk--no-background stk--no-padding\"><div class=\"stk-block-content stk-inner-blocks stk-1199b98-inner-blocks\">\n<div class=\"wp-block-stackable-image stk-block-image stk-block stk-8f5380d\" data-block-id=\"8f5380d\"><figure><span class=\"stk-img-wrapper stk-image--shape-stretch\"><img loading=\"lazy\" decoding=\"async\" class=\"stk-img wp-image-1808\" src=\"https:\/\/ceiplatrade.com\/wp-content\/uploads\/2025\/11\/WhatsApp-Image-2025-11-18-at-3.14.48-PM-2.jpeg\" width=\"768\" height=\"1024\" srcset=\"https:\/\/ceiplatrade.com\/wp-content\/uploads\/2025\/11\/WhatsApp-Image-2025-11-18-at-3.14.48-PM-2.jpeg 768w, https:\/\/ceiplatrade.com\/wp-content\/uploads\/2025\/11\/WhatsApp-Image-2025-11-18-at-3.14.48-PM-2-225x300.jpeg 225w, https:\/\/ceiplatrade.com\/wp-content\/uploads\/2025\/11\/WhatsApp-Image-2025-11-18-at-3.14.48-PM-2-300x400.jpeg 300w, https:\/\/ceiplatrade.com\/wp-content\/uploads\/2025\/11\/WhatsApp-Image-2025-11-18-at-3.14.48-PM-2-600x800.jpeg 600w\" sizes=\"auto, (max-width: 768px) 100vw, 768px\" \/><\/span><\/figure><\/div>\n<\/div><\/div><\/div>\n\n\n\n<div class=\"wp-block-stackable-column stk-block-column stk-column stk-block stk-09f422d\" data-v=\"4\" data-block-id=\"09f422d\"><div class=\"stk-column-wrapper stk-block-column__content stk-container stk-09f422d-container stk--no-background stk--no-padding\"><div class=\"stk-block-content stk-inner-blocks stk-09f422d-inner-blocks\">\n<div class=\"wp-block-stackable-image stk-block-image stk-block stk-a9cb057\" data-block-id=\"a9cb057\"><style>.stk-a9cb057 .stk-img-wrapper{width:100% !important;height:539px !important;}<\/style><figure><span class=\"stk-img-wrapper stk-image--shape-stretch\"><img loading=\"lazy\" decoding=\"async\" class=\"stk-img wp-image-1809\" src=\"https:\/\/ceiplatrade.com\/wp-content\/uploads\/2025\/11\/WhatsApp-Image-2025-11-18-at-3.14.28-PM.jpeg\" width=\"768\" height=\"1024\" srcset=\"https:\/\/ceiplatrade.com\/wp-content\/uploads\/2025\/11\/WhatsApp-Image-2025-11-18-at-3.14.28-PM.jpeg 768w, https:\/\/ceiplatrade.com\/wp-content\/uploads\/2025\/11\/WhatsApp-Image-2025-11-18-at-3.14.28-PM-225x300.jpeg 225w, https:\/\/ceiplatrade.com\/wp-content\/uploads\/2025\/11\/WhatsApp-Image-2025-11-18-at-3.14.28-PM-300x400.jpeg 300w, https:\/\/ceiplatrade.com\/wp-content\/uploads\/2025\/11\/WhatsApp-Image-2025-11-18-at-3.14.28-PM-600x800.jpeg 600w\" sizes=\"auto, (max-width: 768px) 100vw, 768px\" \/><\/span><\/figure><\/div>\n<\/div><\/div><\/div>\n\n\n\n<div class=\"wp-block-stackable-column stk-block-column stk-column stk-block stk-3c46d3c\" data-v=\"4\" data-block-id=\"3c46d3c\"><div class=\"stk-column-wrapper stk-block-column__content stk-container stk-3c46d3c-container stk--no-background stk--no-padding\"><div class=\"stk-block-content stk-inner-blocks stk-3c46d3c-inner-blocks\">\n<div class=\"wp-block-stackable-image stk-block-image stk-block stk-2386c65\" data-block-id=\"2386c65\"><style>.stk-2386c65 .stk-img-wrapper{width:100% !important;height:538px !important;}<\/style><figure><span class=\"stk-img-wrapper stk-image--shape-stretch\"><img loading=\"lazy\" decoding=\"async\" class=\"stk-img wp-image-1810\" src=\"https:\/\/ceiplatrade.com\/wp-content\/uploads\/2025\/11\/WhatsApp-Image-2025-11-18-at-3.14.47-PM.jpeg\" width=\"768\" height=\"1024\" srcset=\"https:\/\/ceiplatrade.com\/wp-content\/uploads\/2025\/11\/WhatsApp-Image-2025-11-18-at-3.14.47-PM.jpeg 768w, https:\/\/ceiplatrade.com\/wp-content\/uploads\/2025\/11\/WhatsApp-Image-2025-11-18-at-3.14.47-PM-225x300.jpeg 225w, https:\/\/ceiplatrade.com\/wp-content\/uploads\/2025\/11\/WhatsApp-Image-2025-11-18-at-3.14.47-PM-300x400.jpeg 300w, https:\/\/ceiplatrade.com\/wp-content\/uploads\/2025\/11\/WhatsApp-Image-2025-11-18-at-3.14.47-PM-600x800.jpeg 600w\" sizes=\"auto, (max-width: 768px) 100vw, 768px\" \/><\/span><\/figure><\/div>\n<\/div><\/div><\/div>\n<\/div><div class=\"stk-block-carousel__buttons\"><button class=\"stk-block-carousel__button stk-block-carousel__button__prev\" aria-label=\"Previous slide\"><svg aria-hidden=\"true\" focusable=\"false\" data-prefix=\"fas\" data-icon=\"chevron-left\" class=\"svg-inline--fa fa-chevron-left\" xmlns=\"http:\/\/www.w3.org\/2000\/svg\" viewBox=\"0 0 320 512\" width=\"32\" height=\"32\"><path d=\"M34.52 239.03L228.87 44.69c9.37-9.37 24.57-9.37 33.94 0l22.67 22.67c9.36 9.36 9.37 24.52.04 33.9L131.49 256l154.02 154.75c9.34 9.38 9.32 24.54-.04 33.9l-22.67 22.67c-9.37 9.37-24.57 9.37-33.94 0L34.52 272.97c-9.37-9.37-9.37-24.57 0-33.94z\"><\/path><\/svg><\/button><button class=\"stk-block-carousel__button stk-block-carousel__button__next\" aria-label=\"Next slide\"><svg aria-hidden=\"true\" focusable=\"false\" data-prefix=\"fas\" data-icon=\"chevron-right\" class=\"svg-inline--fa fa-chevron-right\" xmlns=\"http:\/\/www.w3.org\/2000\/svg\" viewBox=\"0 0 320 512\" width=\"32\" height=\"32\"><path d=\"M285.476 272.971L91.132 467.314c-9.373 9.373-24.569 9.373-33.941 0l-22.667-22.667c-9.357-9.357-9.375-24.522-.04-33.901L188.505 256 34.484 101.255c-9.335-9.379-9.317-24.544.04-33.901l22.667-22.667c9.373-9.373 24.569-9.373 33.941 0L285.475 239.03c9.373 9.372 9.373 24.568.001 33.941z\"><\/path><\/svg><\/button><\/div><\/div><div class=\"stk-block-carousel__dots\" role=\"list\" data-label=\"Slide %%d\"><\/div><\/div><\/div>\n<\/div><\/div><\/div>\n<\/div><\/div>\n\n\n\n<div class=\"wp-block-stackable-columns stk-block-columns stk-block stk-ec6c1d8\" data-block-id=\"ec6c1d8\"><div class=\"stk-row stk-inner-blocks stk-block-content stk-content-align stk-ec6c1d8-column\">\n<div class=\"wp-block-stackable-column stk-block-column stk-column stk-block stk-306a052\" data-v=\"4\" data-block-id=\"306a052\"><style>@media screen and (min-width:690px){.stk-306a052 {flex:var(--stk-flex-grow, 1) 1 25% !important;}}<\/style><div class=\"stk-column-wrapper stk-block-column__content stk-container stk-306a052-container stk--no-background stk--no-padding\"><div class=\"stk-block-content stk-inner-blocks stk-306a052-inner-blocks\">\n<h4 class=\"wp-block-heading has-text-align-center\"><span style=\"color: var(--theme-palette-color-1, #071566);\" class=\"stk-highlight\">Caracter\u00edsticas del Mango CEIPLA TRADE<\/span><\/h4>\n\n\n\n<ul class=\"wp-block-list\">\n<li>Variedades: <strong><span style=\"color: var(--theme-palette-color-1, #071566);\" class=\"stk-highlight\">Kent, Tommy Atkins, Ataulfo<\/span><\/strong><\/li>\n\n\n\n<li>Grados de maduraci\u00f3n: 6\u20138<\/li>\n\n\n\n<li>Calibres exportaci\u00f3n: 6\u201312<\/li>\n\n\n\n<li>Presentaci\u00f3n: cajas 4kg y 4.5kg<\/li>\n\n\n\n<li>Vida \u00fatil prolongada para rutas USA \/ Europa \/ Asia<\/li>\n\n\n\n<li>Cumplimiento de protocolos fitosanitarios internacionales<\/li>\n<\/ul>\n<\/div><\/div><\/div>\n\n\n\n<div class=\"wp-block-stackable-column stk-block-column stk-column stk-block stk-34cf79b\" data-v=\"4\" data-block-id=\"34cf79b\"><style>@media screen and (min-width:690px){.stk-34cf79b {flex:var(--stk-flex-grow, 1) 1 50% !important;}}<\/style><div class=\"stk-column-wrapper stk-block-column__content stk-container stk-34cf79b-container stk--no-background stk--no-padding\"><div class=\"stk-block-content stk-inner-blocks stk-34cf79b-inner-blocks\">\n<div class=\"wp-block-stackable-carousel stk-block-carousel stk--is-slide stk--arrows-justify-space-between stk--arrows-align-center stk-block stk-7f69cc1\" data-slides-to-show=\"\" data-block-id=\"7f69cc1\"><div class=\"stk-block-carousel__content-wrapper\"><div class=\"stk-row stk-inner-blocks stk-block-content stk-block-carousel__slider-wrapper stk-content-align stk-7f69cc1-column\"><div class=\"stk-block-carousel__slider\" role=\"list\" data-autoplay=\"4000\" data-label-slide-of=\"Slide %%d of %%d\" tabindex=\"0\">\n<div class=\"wp-block-stackable-column stk-block-column stk-column stk-block stk-146c119\" data-v=\"4\" data-block-id=\"146c119\"><div class=\"stk-column-wrapper stk-block-column__content stk-container stk-146c119-container stk--no-background stk--no-padding\"><div class=\"stk-block-content stk-inner-blocks stk-146c119-inner-blocks\">\n<div class=\"wp-block-stackable-image stk-block-image stk-block stk-1734f72\" data-block-id=\"1734f72\"><style>.stk-1734f72 .stk-img-wrapper{width:100% !important;height:350px !important;}<\/style><figure><span class=\"stk-img-wrapper stk-image--shape-stretch\"><img loading=\"lazy\" decoding=\"async\" class=\"stk-img wp-image-1811\" src=\"https:\/\/ceiplatrade.com\/wp-content\/uploads\/2025\/11\/WhatsApp-Image-2025-11-18-at-3.14.45-PM-1-1.jpeg\" width=\"768\" height=\"1024\" srcset=\"https:\/\/ceiplatrade.com\/wp-content\/uploads\/2025\/11\/WhatsApp-Image-2025-11-18-at-3.14.45-PM-1-1.jpeg 768w, https:\/\/ceiplatrade.com\/wp-content\/uploads\/2025\/11\/WhatsApp-Image-2025-11-18-at-3.14.45-PM-1-1-225x300.jpeg 225w, https:\/\/ceiplatrade.com\/wp-content\/uploads\/2025\/11\/WhatsApp-Image-2025-11-18-at-3.14.45-PM-1-1-300x400.jpeg 300w, https:\/\/ceiplatrade.com\/wp-content\/uploads\/2025\/11\/WhatsApp-Image-2025-11-18-at-3.14.45-PM-1-1-600x800.jpeg 600w\" sizes=\"auto, (max-width: 768px) 100vw, 768px\" \/><\/span><\/figure><\/div>\n<\/div><\/div><\/div>\n\n\n\n<div class=\"wp-block-stackable-column stk-block-column stk-column stk-block stk-1f6961a\" data-v=\"4\" data-block-id=\"1f6961a\"><div class=\"stk-column-wrapper stk-block-column__content stk-container stk-1f6961a-container stk--no-background stk--no-padding\"><div class=\"stk-block-content stk-inner-blocks stk-1f6961a-inner-blocks\">\n<div class=\"wp-block-stackable-image stk-block-image stk-block stk-14ec772\" data-block-id=\"14ec772\"><style>.stk-14ec772 .stk-img-wrapper{width:100% !important;height:350px !important;}<\/style><figure><span class=\"stk-img-wrapper stk-image--shape-stretch\"><img loading=\"lazy\" decoding=\"async\" class=\"stk-img wp-image-1812\" src=\"https:\/\/ceiplatrade.com\/wp-content\/uploads\/2025\/11\/WhatsApp-Image-2025-11-18-at-3.14.30-PM.jpeg\" width=\"768\" height=\"1024\" srcset=\"https:\/\/ceiplatrade.com\/wp-content\/uploads\/2025\/11\/WhatsApp-Image-2025-11-18-at-3.14.30-PM.jpeg 768w, https:\/\/ceiplatrade.com\/wp-content\/uploads\/2025\/11\/WhatsApp-Image-2025-11-18-at-3.14.30-PM-225x300.jpeg 225w, https:\/\/ceiplatrade.com\/wp-content\/uploads\/2025\/11\/WhatsApp-Image-2025-11-18-at-3.14.30-PM-300x400.jpeg 300w, https:\/\/ceiplatrade.com\/wp-content\/uploads\/2025\/11\/WhatsApp-Image-2025-11-18-at-3.14.30-PM-600x800.jpeg 600w\" sizes=\"auto, (max-width: 768px) 100vw, 768px\" \/><\/span><\/figure><\/div>\n<\/div><\/div><\/div>\n\n\n\n<div class=\"wp-block-stackable-column stk-block-column stk-column stk-block stk-0e01095\" data-v=\"4\" data-block-id=\"0e01095\"><div class=\"stk-column-wrapper stk-block-column__content stk-container stk-0e01095-container stk--no-background stk--no-padding\"><div class=\"stk-block-content stk-inner-blocks stk-0e01095-inner-blocks\">\n<div class=\"wp-block-stackable-image stk-block-image stk-block stk-056c015\" data-block-id=\"056c015\"><style>.stk-056c015 .stk-img-wrapper{width:100% !important;height:350px !important;}<\/style><figure><span class=\"stk-img-wrapper stk-image--shape-stretch\"><img loading=\"lazy\" decoding=\"async\" class=\"stk-img wp-image-1813\" src=\"https:\/\/ceiplatrade.com\/wp-content\/uploads\/2025\/11\/WhatsApp-Image-2025-11-18-at-3.14.27-PM.jpeg\" width=\"768\" height=\"1024\" srcset=\"https:\/\/ceiplatrade.com\/wp-content\/uploads\/2025\/11\/WhatsApp-Image-2025-11-18-at-3.14.27-PM.jpeg 768w, https:\/\/ceiplatrade.com\/wp-content\/uploads\/2025\/11\/WhatsApp-Image-2025-11-18-at-3.14.27-PM-225x300.jpeg 225w, https:\/\/ceiplatrade.com\/wp-content\/uploads\/2025\/11\/WhatsApp-Image-2025-11-18-at-3.14.27-PM-300x400.jpeg 300w, https:\/\/ceiplatrade.com\/wp-content\/uploads\/2025\/11\/WhatsApp-Image-2025-11-18-at-3.14.27-PM-600x800.jpeg 600w\" sizes=\"auto, (max-width: 768px) 100vw, 768px\" \/><\/span><\/figure><\/div>\n<\/div><\/div><\/div>\n<\/div><div class=\"stk-block-carousel__buttons\"><button class=\"stk-block-carousel__button stk-block-carousel__button__prev\" aria-label=\"Previous slide\"><svg aria-hidden=\"true\" focusable=\"false\" data-prefix=\"fas\" data-icon=\"chevron-left\" class=\"svg-inline--fa fa-chevron-left\" xmlns=\"http:\/\/www.w3.org\/2000\/svg\" viewBox=\"0 0 320 512\" width=\"32\" height=\"32\"><path d=\"M34.52 239.03L228.87 44.69c9.37-9.37 24.57-9.37 33.94 0l22.67 22.67c9.36 9.36 9.37 24.52.04 33.9L131.49 256l154.02 154.75c9.34 9.38 9.32 24.54-.04 33.9l-22.67 22.67c-9.37 9.37-24.57 9.37-33.94 0L34.52 272.97c-9.37-9.37-9.37-24.57 0-33.94z\"><\/path><\/svg><\/button><button class=\"stk-block-carousel__button stk-block-carousel__button__next\" aria-label=\"Next slide\"><svg aria-hidden=\"true\" focusable=\"false\" data-prefix=\"fas\" data-icon=\"chevron-right\" class=\"svg-inline--fa fa-chevron-right\" xmlns=\"http:\/\/www.w3.org\/2000\/svg\" viewBox=\"0 0 320 512\" width=\"32\" height=\"32\"><path d=\"M285.476 272.971L91.132 467.314c-9.373 9.373-24.569 9.373-33.941 0l-22.667-22.667c-9.357-9.357-9.375-24.522-.04-33.901L188.505 256 34.484 101.255c-9.335-9.379-9.317-24.544.04-33.901l22.667-22.667c9.373-9.373 24.569-9.373 33.941 0L285.475 239.03c9.373 9.372 9.373 24.568.001 33.941z\"><\/path><\/svg><\/button><\/div><\/div><div class=\"stk-block-carousel__dots\" role=\"list\" data-label=\"Slide %%d\"><\/div><\/div><\/div>\n<\/div><\/div><\/div>\n\n\n\n<div class=\"wp-block-stackable-column stk-block-column stk-column stk-block stk-4e7a7dc\" data-v=\"4\" data-block-id=\"4e7a7dc\"><style>@media screen and (min-width:690px){.stk-4e7a7dc {flex:var(--stk-flex-grow, 1) 1 25% !important;}}<\/style><div class=\"stk-column-wrapper stk-block-column__content stk-container stk-4e7a7dc-container stk--no-background stk--no-padding\"><div class=\"stk-block-content stk-inner-blocks stk-4e7a7dc-inner-blocks\">\n<h4 class=\"wp-block-heading has-text-align-center\"><span style=\"color: var(--theme-palette-color-1, #071566);\" class=\"stk-highlight\">Trazabilidad Blockchain Impact+\u2122<\/span><\/h4>\n\n\n\n<p>Cada lote de mango se registra con un <strong>QR \u00fanico<\/strong> que valida:<\/p>\n\n\n\n<ul class=\"wp-block-list\">\n<li>Origen y finca certificada<\/li>\n\n\n\n<li>Procesos y manipulaci\u00f3n<\/li>\n\n\n\n<li>Temperatura<\/li>\n\n\n\n<li>Auditor\u00edas internas<\/li>\n\n\n\n<li>Documentos de exportaci\u00f3n<\/li>\n\n\n\n<li>Cumplimiento CEIPLA<\/li>\n<\/ul>\n<\/div><\/div><\/div>\n<\/div><\/div>\n\n\n\n<div class=\"wp-block-stackable-columns stk-block-columns stk-block stk-0803cbe\" data-block-id=\"0803cbe\"><div class=\"stk-row stk-inner-blocks stk-block-content stk-content-align stk-0803cbe-column\">\n<div class=\"wp-block-stackable-column stk-block-column stk-column stk-block stk-260a35f\" data-v=\"4\" data-block-id=\"260a35f\"><style>@media screen and (min-width:690px){.stk-260a35f {flex:var(--stk-flex-grow, 1) 1 33.3% !important;}}<\/style><div class=\"stk-column-wrapper stk-block-column__content stk-container stk-260a35f-container stk--no-background stk--no-padding\"><div class=\"stk-block-content stk-inner-blocks stk-260a35f-inner-blocks\">\n<div class=\"wp-block-stackable-image stk-block-image stk-block stk-0c0c443\" data-block-id=\"0c0c443\"><style>.stk-0c0c443 .stk-img-wrapper{width:100% !important;height:349px !important;}<\/style><figure><span class=\"stk-img-wrapper stk-image--shape-stretch\"><img loading=\"lazy\" decoding=\"async\" class=\"stk-img wp-image-1814\" src=\"https:\/\/ceiplatrade.com\/wp-content\/uploads\/2025\/11\/WhatsApp-Image-2025-11-18-at-3.14.28-PM-1.jpeg\" width=\"768\" height=\"1024\" srcset=\"https:\/\/ceiplatrade.com\/wp-content\/uploads\/2025\/11\/WhatsApp-Image-2025-11-18-at-3.14.28-PM-1.jpeg 768w, https:\/\/ceiplatrade.com\/wp-content\/uploads\/2025\/11\/WhatsApp-Image-2025-11-18-at-3.14.28-PM-1-225x300.jpeg 225w, https:\/\/ceiplatrade.com\/wp-content\/uploads\/2025\/11\/WhatsApp-Image-2025-11-18-at-3.14.28-PM-1-300x400.jpeg 300w, https:\/\/ceiplatrade.com\/wp-content\/uploads\/2025\/11\/WhatsApp-Image-2025-11-18-at-3.14.28-PM-1-600x800.jpeg 600w\" sizes=\"auto, (max-width: 768px) 100vw, 768px\" \/><\/span><\/figure><\/div>\n<\/div><\/div><\/div>\n\n\n\n<div class=\"wp-block-stackable-column stk-block-column stk-column stk-block stk-1b50ec6\" data-v=\"4\" data-block-id=\"1b50ec6\"><style>@media screen and (min-width:690px){.stk-1b50ec6 {flex:var(--stk-flex-grow, 1) 1 66.7% !important;}}<\/style><div class=\"stk-column-wrapper stk-block-column__content stk-container stk-1b50ec6-container stk--no-background stk--no-padding\"><div class=\"stk-block-content stk-inner-blocks stk-1b50ec6-inner-blocks\">\n<h4 class=\"wp-block-heading\"><span style=\"color: var(--theme-palette-color-1, #071566);\" class=\"stk-highlight\">Garant\u00edas CEIPLA TRADE<\/span><\/h4>\n\n\n\n<ul class=\"wp-block-list\">\n<li>Abastecimiento continuo<\/li>\n\n\n\n<li>Homogeneidad en color, dulzor y textura<\/li>\n\n\n\n<li>Log\u00edstica a\u00e9rea y mar\u00edtima<\/li>\n\n\n\n<li>Entrega en <strong>Miami, Houston, New Jersey<\/strong><\/li>\n\n\n\n<li>Control de cadena de fr\u00edo<\/li>\n<\/ul>\n\n\n\n<p>Disponible para importadores, distribuidores y supermercados.<\/p>\n\n\n\n<div class=\"wp-block-stackable-button-group stk-block-button-group stk-block stk-894f4df\" data-block-id=\"894f4df\"><div class=\"stk-row stk-inner-blocks stk-block-content stk-button-group\">\n<div class=\"wp-block-stackable-button stk-block-button stk-block stk-f482de7\" data-block-id=\"f482de7\"><a class=\"stk-link stk-button stk--hover-effect-scale\" href=\"https:\/\/ceiplatrade.com\/index.php\/cotizaciones\/\"><span class=\"stk-button__inner-text\">COTIZAR AHORA<\/span><\/a><\/div>\n<\/div><\/div>\n<\/div><\/div><\/div>\n<\/div><\/div>\n\n\n\n<div class=\"wp-block-stackable-columns stk-block-columns stk-block stk-db1a539\" data-block-id=\"db1a539\"><div class=\"stk-row stk-inner-blocks stk-block-content stk-content-align stk-db1a539-column\">\n<div class=\"wp-block-stackable-column stk-block-column stk-column stk-block stk-0ac6990\" data-v=\"4\" data-block-id=\"0ac6990\"><div class=\"stk-column-wrapper stk-block-column__content stk-container stk-0ac6990-container stk--no-background stk--no-padding\"><div class=\"stk-block-content stk-inner-blocks stk-0ac6990-inner-blocks\"><\/div><\/div><\/div>\n\n\n\n<div class=\"wp-block-stackable-column stk-block-column stk-column stk-block stk-93bca32\" data-v=\"4\" data-block-id=\"93bca32\"><div class=\"stk-column-wrapper stk-block-column__content stk-container stk-93bca32-container stk--no-background stk--no-padding\"><div class=\"stk-block-content stk-inner-blocks stk-93bca32-inner-blocks\">\n<div class=\"wp-block-stackable-button-group stk-block-button-group stk-block stk-cd669a1\" data-block-id=\"cd669a1\"><div class=\"stk-row stk-inner-blocks stk-block-content stk-button-group\">\n<div class=\"wp-block-stackable-button stk-block-button stk-block stk-a330f99\" data-block-id=\"a330f99\"><a class=\"stk-link stk-button stk--hover-effect-scale\" href=\"https:\/\/ceiplatrade.com\/index.php\/frutas-premium\/\"><span class=\"stk-button__inner-text\">VOLVER A PRODUCTOS<\/span><\/a><\/div>\n<\/div><\/div>\n<\/div><\/div><\/div>\n<\/div><\/div>\n","protected":false},"excerpt":{"rendered":"<p>El Mango Premium de CEIPLA TRADE proviene de fincas certificadas en Ecuador, Per\u00fa y M\u00e9xico, garantizando fruta fresca, uniforme y con est\u00e1ndares internacionales para mercados de retail y foodservice.Exportamos variedades Kent, Tommy Atkins y Ataulfo, seleccionadas para brindar mayor vida \u00fatil, dulzura y excelente presentaci\u00f3n comercial. Gracias al Ecosistema CEIPLA, cada lote es auditado, trazado [&hellip;]<\/p>\n","protected":false},"author":1,"featured_media":0,"parent":0,"menu_order":0,"comment_status":"closed","ping_status":"closed","template":"","meta":{"footnotes":""},"class_list":["post-1807","page","type-page","status-publish","hentry"],"blocksy_meta":[],"jetpack_sharing_enabled":true,"_links":{"self":[{"href":"https:\/\/ceiplatrade.com\/index.php\/wp-json\/wp\/v2\/pages\/1807","targetHints":{"allow":["GET"]}}],"collection":[{"href":"https:\/\/ceiplatrade.com\/index.php\/wp-json\/wp\/v2\/pages"}],"about":[{"href":"https:\/\/ceiplatrade.com\/index.php\/wp-json\/wp\/v2\/types\/page"}],"author":[{"embeddable":true,"href":"https:\/\/ceiplatrade.com\/index.php\/wp-json\/wp\/v2\/users\/1"}],"replies":[{"embeddable":true,"href":"https:\/\/ceiplatrade.com\/index.php\/wp-json\/wp\/v2\/comments?post=1807"}],"version-history":[{"count":1,"href":"https:\/\/ceiplatrade.com\/index.php\/wp-json\/wp\/v2\/pages\/1807\/revisions"}],"predecessor-version":[{"id":1815,"href":"https:\/\/ceiplatrade.com\/index.php\/wp-json\/wp\/v2\/pages\/1807\/revisions\/1815"}],"wp:attachment":[{"href":"https:\/\/ceiplatrade.com\/index.php\/wp-json\/wp\/v2\/media?parent=1807"}],"curies":[{"name":"wp","href":"https:\/\/api.w.org\/{rel}","templated":true}]}}