{"id":1817,"date":"2025-11-21T23:41:02","date_gmt":"2025-11-21T22:41:02","guid":{"rendered":"https:\/\/ceiplatrade.com\/?page_id=1817"},"modified":"2025-11-21T23:41:02","modified_gmt":"2025-11-21T22:41:02","slug":"pina-premium","status":"publish","type":"page","link":"https:\/\/ceiplatrade.com\/index.php\/pina-premium\/","title":{"rendered":"PI\u00d1A PREMIUM"},"content":{"rendered":"\n<div class=\"wp-block-stackable-columns stk-block-columns stk-block stk-3dec730\" data-block-id=\"3dec730\"><div class=\"stk-row stk-inner-blocks stk-block-content stk-content-align stk-3dec730-column\">\n<div class=\"wp-block-stackable-column stk-block-column stk-column stk-block stk-101f32d\" data-v=\"4\" data-block-id=\"101f32d\"><style>@media screen and (min-width:690px){.stk-101f32d {flex:var(--stk-flex-grow, 1) 1 33.3% !important;}}<\/style><div class=\"stk-column-wrapper stk-block-column__content stk-container stk-101f32d-container stk--no-background stk--no-padding\"><div class=\"stk-block-content stk-inner-blocks stk-101f32d-inner-blocks\">\n<div class=\"wp-block-stackable-carousel stk-block-carousel stk--is-slide stk--arrows-justify-space-between stk--arrows-align-center stk-block stk-a3c22d7\" data-slides-to-show=\"\" data-block-id=\"a3c22d7\"><div class=\"stk-block-carousel__content-wrapper\"><div class=\"stk-row stk-inner-blocks stk-block-content stk-block-carousel__slider-wrapper stk-content-align stk-a3c22d7-column\"><div class=\"stk-block-carousel__slider\" role=\"list\" data-autoplay=\"4000\" data-label-slide-of=\"Slide %%d of %%d\" tabindex=\"0\">\n<div class=\"wp-block-stackable-column stk-block-column stk-column stk-block stk-9735d4a\" data-v=\"4\" data-block-id=\"9735d4a\"><div class=\"stk-column-wrapper stk-block-column__content stk-container stk-9735d4a-container stk--no-background stk--no-padding\"><div class=\"stk-block-content stk-inner-blocks stk-9735d4a-inner-blocks\">\n<div class=\"wp-block-stackable-image stk-block-image stk-block stk-1e2b8d2\" data-block-id=\"1e2b8d2\"><style>.stk-1e2b8d2 .stk-img-wrapper{width:100% !important;height:631px !important;}<\/style><figure><span class=\"stk-img-wrapper stk-image--shape-stretch\"><img loading=\"lazy\" decoding=\"async\" class=\"stk-img wp-image-1818\" src=\"https:\/\/ceiplatrade.com\/wp-content\/uploads\/2025\/11\/WhatsApp-Image-2025-11-18-at-3.25.11-PM.jpeg\" width=\"958\" height=\"1280\" srcset=\"https:\/\/ceiplatrade.com\/wp-content\/uploads\/2025\/11\/WhatsApp-Image-2025-11-18-at-3.25.11-PM.jpeg 958w, https:\/\/ceiplatrade.com\/wp-content\/uploads\/2025\/11\/WhatsApp-Image-2025-11-18-at-3.25.11-PM-225x300.jpeg 225w, https:\/\/ceiplatrade.com\/wp-content\/uploads\/2025\/11\/WhatsApp-Image-2025-11-18-at-3.25.11-PM-766x1024.jpeg 766w, https:\/\/ceiplatrade.com\/wp-content\/uploads\/2025\/11\/WhatsApp-Image-2025-11-18-at-3.25.11-PM-768x1026.jpeg 768w, https:\/\/ceiplatrade.com\/wp-content\/uploads\/2025\/11\/WhatsApp-Image-2025-11-18-at-3.25.11-PM-300x401.jpeg 300w, https:\/\/ceiplatrade.com\/wp-content\/uploads\/2025\/11\/WhatsApp-Image-2025-11-18-at-3.25.11-PM-600x802.jpeg 600w\" sizes=\"auto, (max-width: 958px) 100vw, 958px\" \/><\/span><\/figure><\/div>\n<\/div><\/div><\/div>\n\n\n\n<div class=\"wp-block-stackable-column stk-block-column stk-column stk-block stk-2ef7b13\" data-v=\"4\" data-block-id=\"2ef7b13\"><div class=\"stk-column-wrapper stk-block-column__content stk-container stk-2ef7b13-container stk--no-background stk--no-padding\"><div class=\"stk-block-content stk-inner-blocks stk-2ef7b13-inner-blocks\">\n<div class=\"wp-block-stackable-image stk-block-image stk-block stk-d5528bc\" data-block-id=\"d5528bc\"><style>.stk-d5528bc .stk-img-wrapper{width:100% !important;height:635px !important;}<\/style><figure><span class=\"stk-img-wrapper stk-image--shape-stretch\"><img loading=\"lazy\" decoding=\"async\" class=\"stk-img wp-image-1819\" src=\"https:\/\/ceiplatrade.com\/wp-content\/uploads\/2025\/11\/WhatsApp-Image-2025-11-18-at-3.33.07-PM.jpeg\" width=\"1200\" height=\"1600\" srcset=\"https:\/\/ceiplatrade.com\/wp-content\/uploads\/2025\/11\/WhatsApp-Image-2025-11-18-at-3.33.07-PM.jpeg 1200w, https:\/\/ceiplatrade.com\/wp-content\/uploads\/2025\/11\/WhatsApp-Image-2025-11-18-at-3.33.07-PM-225x300.jpeg 225w, https:\/\/ceiplatrade.com\/wp-content\/uploads\/2025\/11\/WhatsApp-Image-2025-11-18-at-3.33.07-PM-768x1024.jpeg 768w, https:\/\/ceiplatrade.com\/wp-content\/uploads\/2025\/11\/WhatsApp-Image-2025-11-18-at-3.33.07-PM-1152x1536.jpeg 1152w, https:\/\/ceiplatrade.com\/wp-content\/uploads\/2025\/11\/WhatsApp-Image-2025-11-18-at-3.33.07-PM-300x400.jpeg 300w, https:\/\/ceiplatrade.com\/wp-content\/uploads\/2025\/11\/WhatsApp-Image-2025-11-18-at-3.33.07-PM-600x800.jpeg 600w\" sizes=\"auto, (max-width: 1200px) 100vw, 1200px\" \/><\/span><\/figure><\/div>\n<\/div><\/div><\/div>\n\n\n\n<div class=\"wp-block-stackable-column stk-block-column stk-column stk-block stk-17655bf\" data-v=\"4\" data-block-id=\"17655bf\"><div class=\"stk-column-wrapper stk-block-column__content stk-container stk-17655bf-container stk--no-background stk--no-padding\"><div class=\"stk-block-content stk-inner-blocks stk-17655bf-inner-blocks\">\n<div class=\"wp-block-stackable-image stk-block-image stk-block stk-0e9cfea\" data-block-id=\"0e9cfea\"><style>.stk-0e9cfea .stk-img-wrapper{width:100% !important;height:636px !important;}<\/style><figure><span class=\"stk-img-wrapper stk-image--shape-stretch\"><img loading=\"lazy\" decoding=\"async\" class=\"stk-img wp-image-1820\" src=\"https:\/\/ceiplatrade.com\/wp-content\/uploads\/2025\/11\/WhatsApp-Image-2025-11-18-at-3.25.12-PM-1.jpeg\" width=\"960\" height=\"1280\" srcset=\"https:\/\/ceiplatrade.com\/wp-content\/uploads\/2025\/11\/WhatsApp-Image-2025-11-18-at-3.25.12-PM-1.jpeg 960w, https:\/\/ceiplatrade.com\/wp-content\/uploads\/2025\/11\/WhatsApp-Image-2025-11-18-at-3.25.12-PM-1-225x300.jpeg 225w, https:\/\/ceiplatrade.com\/wp-content\/uploads\/2025\/11\/WhatsApp-Image-2025-11-18-at-3.25.12-PM-1-768x1024.jpeg 768w, https:\/\/ceiplatrade.com\/wp-content\/uploads\/2025\/11\/WhatsApp-Image-2025-11-18-at-3.25.12-PM-1-300x400.jpeg 300w, https:\/\/ceiplatrade.com\/wp-content\/uploads\/2025\/11\/WhatsApp-Image-2025-11-18-at-3.25.12-PM-1-600x800.jpeg 600w\" sizes=\"auto, (max-width: 960px) 100vw, 960px\" \/><\/span><\/figure><\/div>\n<\/div><\/div><\/div>\n<\/div><div class=\"stk-block-carousel__buttons\"><button class=\"stk-block-carousel__button stk-block-carousel__button__prev\" aria-label=\"Previous slide\"><svg aria-hidden=\"true\" focusable=\"false\" data-prefix=\"fas\" data-icon=\"chevron-left\" class=\"svg-inline--fa fa-chevron-left\" xmlns=\"http:\/\/www.w3.org\/2000\/svg\" viewBox=\"0 0 320 512\" width=\"32\" height=\"32\"><path d=\"M34.52 239.03L228.87 44.69c9.37-9.37 24.57-9.37 33.94 0l22.67 22.67c9.36 9.36 9.37 24.52.04 33.9L131.49 256l154.02 154.75c9.34 9.38 9.32 24.54-.04 33.9l-22.67 22.67c-9.37 9.37-24.57 9.37-33.94 0L34.52 272.97c-9.37-9.37-9.37-24.57 0-33.94z\"><\/path><\/svg><\/button><button class=\"stk-block-carousel__button stk-block-carousel__button__next\" aria-label=\"Next slide\"><svg aria-hidden=\"true\" focusable=\"false\" data-prefix=\"fas\" data-icon=\"chevron-right\" class=\"svg-inline--fa fa-chevron-right\" xmlns=\"http:\/\/www.w3.org\/2000\/svg\" viewBox=\"0 0 320 512\" width=\"32\" height=\"32\"><path d=\"M285.476 272.971L91.132 467.314c-9.373 9.373-24.569 9.373-33.941 0l-22.667-22.667c-9.357-9.357-9.375-24.522-.04-33.901L188.505 256 34.484 101.255c-9.335-9.379-9.317-24.544.04-33.901l22.667-22.667c9.373-9.373 24.569-9.373 33.941 0L285.475 239.03c9.373 9.372 9.373 24.568.001 33.941z\"><\/path><\/svg><\/button><\/div><\/div><div class=\"stk-block-carousel__dots\" role=\"list\" data-label=\"Slide %%d\"><\/div><\/div><\/div>\n<\/div><\/div><\/div>\n\n\n\n<div class=\"wp-block-stackable-column stk-block-column stk-column stk-block stk-6ca8501\" data-v=\"4\" data-block-id=\"6ca8501\"><style>@media screen and (min-width:690px){.stk-6ca8501 {flex:var(--stk-flex-grow, 1) 1 66.7% !important;}}<\/style><div class=\"stk-column-wrapper stk-block-column__content stk-container stk-6ca8501-container stk--no-background stk--no-padding\"><div class=\"stk-block-content stk-inner-blocks stk-6ca8501-inner-blocks\">\n<p>La Pi\u00f1a Premium CEIPLA TRADE es seleccionada directamente de zonas productoras de Ecuador, Costa Rica y Panam\u00e1. Su variedad <strong><span style=\"color: var(--theme-palette-color-1, #071566);\" class=\"stk-highlight\">Golden Sweet (MD2)<\/span><\/strong> destaca por su dulzura elevada (Brix), pulpa firme, color intenso y excelente vida \u00fatil para exportaciones de larga distancia.<\/p>\n\n\n\n<p>Gracias al Ecosistema CEIPLA, garantizamos fruta uniforme y trazada desde origen.<\/p>\n\n\n\n<hr class=\"wp-block-separator has-alpha-channel-opacity\"\/>\n\n\n\n<h4 class=\"wp-block-heading\"><span style=\"color: var(--theme-palette-color-1, #071566);\" class=\"stk-highlight\">Caracter\u00edsticas de la Pi\u00f1a CEIPLA TRADE<\/span><\/h4>\n\n\n\n<ul class=\"wp-block-list\">\n<li>Variedad: <strong><span style=\"color: var(--theme-palette-color-1, #071566);\" class=\"stk-highlight\">MD2 Golden Sweet<\/span><\/strong><\/li>\n\n\n\n<li>Brix: 13\u201316<\/li>\n\n\n\n<li>Calibres: 5\u20138<\/li>\n\n\n\n<li>Presentaci\u00f3n: cajas 12kg<\/li>\n\n\n\n<li>Corte y selecci\u00f3n manual<\/li>\n\n\n\n<li>Vida \u00fatil extendida<\/li>\n\n\n\n<li>Alta demanda en retail USA y Europa<\/li>\n<\/ul>\n\n\n\n<h4 class=\"wp-block-heading\">Origen<\/h4>\n\n\n\n<ul class=\"wp-block-list\">\n<li><strong>Ecuador<\/strong><\/li>\n\n\n\n<li><strong>Costa Rica<\/strong><\/li>\n\n\n\n<li><strong>Panam\u00e1<\/strong><\/li>\n<\/ul>\n<\/div><\/div><\/div>\n<\/div><\/div>\n\n\n\n<div class=\"wp-block-stackable-columns stk-block-columns stk-block stk-cec692c\" data-block-id=\"cec692c\"><div class=\"stk-row stk-inner-blocks stk-block-content stk-content-align stk-cec692c-column\">\n<div class=\"wp-block-stackable-column stk-block-column stk-column stk-block stk-3ec8f39\" data-v=\"4\" data-block-id=\"3ec8f39\"><style>@media screen and (min-width:690px){.stk-3ec8f39 {flex:var(--stk-flex-grow, 1) 1 25% !important;}}<\/style><div class=\"stk-column-wrapper stk-block-column__content stk-container stk-3ec8f39-container stk--no-background stk--no-padding\"><div class=\"stk-block-content stk-inner-blocks stk-3ec8f39-inner-blocks\">\n<h4 class=\"wp-block-heading has-text-align-center\"><span style=\"color: var(--theme-palette-color-1, #071566);\" class=\"stk-highlight\">Trazabilidad Blockchain Impact+\u2122<\/span><\/h4>\n\n\n\n<p>Verificaci\u00f3n de:<\/p>\n\n\n\n<ul class=\"wp-block-list\">\n<li>Finca certificada<\/li>\n\n\n\n<li>Procesos de corte<\/li>\n\n\n\n<li>Condiciones de temperatura<\/li>\n\n\n\n<li>Auditor\u00edas internas CEIPLA<\/li>\n\n\n\n<li>Documentos fitosanitarios<\/li>\n<\/ul>\n<\/div><\/div><\/div>\n\n\n\n<div class=\"wp-block-stackable-column stk-block-column stk-column stk-block stk-9cd9cae\" data-v=\"4\" data-block-id=\"9cd9cae\"><style>@media screen and (min-width:690px){.stk-9cd9cae {flex:var(--stk-flex-grow, 1) 1 50% !important;}}<\/style><div class=\"stk-column-wrapper stk-block-column__content stk-container stk-9cd9cae-container stk--no-background stk--no-padding\"><div class=\"stk-block-content stk-inner-blocks stk-9cd9cae-inner-blocks\">\n<div class=\"wp-block-stackable-carousel stk-block-carousel stk--is-slide stk--arrows-justify-space-between stk--arrows-align-center stk-block stk-5e0db14\" data-slides-to-show=\"\" data-block-id=\"5e0db14\"><div class=\"stk-block-carousel__content-wrapper\"><div class=\"stk-row stk-inner-blocks stk-block-content stk-block-carousel__slider-wrapper stk-content-align stk-5e0db14-column\"><div class=\"stk-block-carousel__slider\" role=\"list\" data-autoplay=\"4000\" data-label-slide-of=\"Slide %%d of %%d\" tabindex=\"0\">\n<div class=\"wp-block-stackable-column stk-block-column stk-column stk-block stk-af0984a\" data-v=\"4\" data-block-id=\"af0984a\"><div class=\"stk-column-wrapper stk-block-column__content stk-container stk-af0984a-container stk--no-background stk--no-padding\"><div class=\"stk-block-content stk-inner-blocks stk-af0984a-inner-blocks\">\n<div class=\"wp-block-stackable-image stk-block-image stk-block stk-128dbc0\" data-block-id=\"128dbc0\"><style>.stk-128dbc0 .stk-img-wrapper{width:100% !important;height:299px !important;}<\/style><figure><span class=\"stk-img-wrapper stk-image--shape-stretch\"><img loading=\"lazy\" decoding=\"async\" class=\"stk-img wp-image-1821\" src=\"https:\/\/ceiplatrade.com\/wp-content\/uploads\/2025\/11\/WhatsApp-Image-2025-11-18-at-3.25.11-PM-1.jpeg\" width=\"1280\" height=\"1088\" srcset=\"https:\/\/ceiplatrade.com\/wp-content\/uploads\/2025\/11\/WhatsApp-Image-2025-11-18-at-3.25.11-PM-1.jpeg 1280w, https:\/\/ceiplatrade.com\/wp-content\/uploads\/2025\/11\/WhatsApp-Image-2025-11-18-at-3.25.11-PM-1-300x255.jpeg 300w, https:\/\/ceiplatrade.com\/wp-content\/uploads\/2025\/11\/WhatsApp-Image-2025-11-18-at-3.25.11-PM-1-1024x870.jpeg 1024w, https:\/\/ceiplatrade.com\/wp-content\/uploads\/2025\/11\/WhatsApp-Image-2025-11-18-at-3.25.11-PM-1-768x653.jpeg 768w, https:\/\/ceiplatrade.com\/wp-content\/uploads\/2025\/11\/WhatsApp-Image-2025-11-18-at-3.25.11-PM-1-600x510.jpeg 600w\" sizes=\"auto, (max-width: 1280px) 100vw, 1280px\" \/><\/span><\/figure><\/div>\n<\/div><\/div><\/div>\n\n\n\n<div class=\"wp-block-stackable-column stk-block-column stk-column stk-block stk-5248686\" data-v=\"4\" data-block-id=\"5248686\"><div class=\"stk-column-wrapper stk-block-column__content stk-container stk-5248686-container stk--no-background stk--no-padding\"><div class=\"stk-block-content stk-inner-blocks stk-5248686-inner-blocks\">\n<div class=\"wp-block-stackable-image stk-block-image stk-block stk-a09357a\" data-block-id=\"a09357a\"><style>.stk-a09357a .stk-img-wrapper{width:100% !important;height:300px !important;}<\/style><figure><span class=\"stk-img-wrapper stk-image--shape-stretch\"><img loading=\"lazy\" decoding=\"async\" class=\"stk-img wp-image-1822\" src=\"https:\/\/ceiplatrade.com\/wp-content\/uploads\/2025\/11\/WhatsApp-Image-2025-11-18-at-3.25.12-PM.jpeg\" width=\"960\" height=\"1280\" srcset=\"https:\/\/ceiplatrade.com\/wp-content\/uploads\/2025\/11\/WhatsApp-Image-2025-11-18-at-3.25.12-PM.jpeg 960w, https:\/\/ceiplatrade.com\/wp-content\/uploads\/2025\/11\/WhatsApp-Image-2025-11-18-at-3.25.12-PM-225x300.jpeg 225w, https:\/\/ceiplatrade.com\/wp-content\/uploads\/2025\/11\/WhatsApp-Image-2025-11-18-at-3.25.12-PM-768x1024.jpeg 768w, https:\/\/ceiplatrade.com\/wp-content\/uploads\/2025\/11\/WhatsApp-Image-2025-11-18-at-3.25.12-PM-300x400.jpeg 300w, https:\/\/ceiplatrade.com\/wp-content\/uploads\/2025\/11\/WhatsApp-Image-2025-11-18-at-3.25.12-PM-600x800.jpeg 600w\" sizes=\"auto, (max-width: 960px) 100vw, 960px\" \/><\/span><\/figure><\/div>\n<\/div><\/div><\/div>\n\n\n\n<div class=\"wp-block-stackable-column stk-block-column stk-column stk-block stk-3165543\" data-v=\"4\" data-block-id=\"3165543\"><div class=\"stk-column-wrapper stk-block-column__content stk-container stk-3165543-container stk--no-background stk--no-padding\"><div class=\"stk-block-content stk-inner-blocks stk-3165543-inner-blocks\">\n<div class=\"wp-block-stackable-image stk-block-image stk-block stk-6904c33\" data-block-id=\"6904c33\"><style>.stk-6904c33 .stk-img-wrapper{width:100% !important;height:300px !important;}<\/style><figure><span class=\"stk-img-wrapper stk-image--shape-stretch\"><img loading=\"lazy\" decoding=\"async\" class=\"stk-img wp-image-1823\" src=\"https:\/\/ceiplatrade.com\/wp-content\/uploads\/2025\/11\/WhatsApp-Image-2025-11-18-at-3.33.06-PM.jpeg\" width=\"1200\" height=\"1600\" srcset=\"https:\/\/ceiplatrade.com\/wp-content\/uploads\/2025\/11\/WhatsApp-Image-2025-11-18-at-3.33.06-PM.jpeg 1200w, https:\/\/ceiplatrade.com\/wp-content\/uploads\/2025\/11\/WhatsApp-Image-2025-11-18-at-3.33.06-PM-225x300.jpeg 225w, https:\/\/ceiplatrade.com\/wp-content\/uploads\/2025\/11\/WhatsApp-Image-2025-11-18-at-3.33.06-PM-768x1024.jpeg 768w, https:\/\/ceiplatrade.com\/wp-content\/uploads\/2025\/11\/WhatsApp-Image-2025-11-18-at-3.33.06-PM-1152x1536.jpeg 1152w, https:\/\/ceiplatrade.com\/wp-content\/uploads\/2025\/11\/WhatsApp-Image-2025-11-18-at-3.33.06-PM-300x400.jpeg 300w, https:\/\/ceiplatrade.com\/wp-content\/uploads\/2025\/11\/WhatsApp-Image-2025-11-18-at-3.33.06-PM-600x800.jpeg 600w\" sizes=\"auto, (max-width: 1200px) 100vw, 1200px\" \/><\/span><\/figure><\/div>\n<\/div><\/div><\/div>\n<\/div><div class=\"stk-block-carousel__buttons\"><button class=\"stk-block-carousel__button stk-block-carousel__button__prev\" aria-label=\"Previous slide\"><svg aria-hidden=\"true\" focusable=\"false\" data-prefix=\"fas\" data-icon=\"chevron-left\" class=\"svg-inline--fa fa-chevron-left\" xmlns=\"http:\/\/www.w3.org\/2000\/svg\" viewBox=\"0 0 320 512\" width=\"32\" height=\"32\"><path d=\"M34.52 239.03L228.87 44.69c9.37-9.37 24.57-9.37 33.94 0l22.67 22.67c9.36 9.36 9.37 24.52.04 33.9L131.49 256l154.02 154.75c9.34 9.38 9.32 24.54-.04 33.9l-22.67 22.67c-9.37 9.37-24.57 9.37-33.94 0L34.52 272.97c-9.37-9.37-9.37-24.57 0-33.94z\"><\/path><\/svg><\/button><button class=\"stk-block-carousel__button stk-block-carousel__button__next\" aria-label=\"Next slide\"><svg aria-hidden=\"true\" focusable=\"false\" data-prefix=\"fas\" data-icon=\"chevron-right\" class=\"svg-inline--fa fa-chevron-right\" xmlns=\"http:\/\/www.w3.org\/2000\/svg\" viewBox=\"0 0 320 512\" width=\"32\" height=\"32\"><path d=\"M285.476 272.971L91.132 467.314c-9.373 9.373-24.569 9.373-33.941 0l-22.667-22.667c-9.357-9.357-9.375-24.522-.04-33.901L188.505 256 34.484 101.255c-9.335-9.379-9.317-24.544.04-33.901l22.667-22.667c9.373-9.373 24.569-9.373 33.941 0L285.475 239.03c9.373 9.372 9.373 24.568.001 33.941z\"><\/path><\/svg><\/button><\/div><\/div><div class=\"stk-block-carousel__dots\" role=\"list\" data-label=\"Slide %%d\"><\/div><\/div><\/div>\n<\/div><\/div><\/div>\n\n\n\n<div class=\"wp-block-stackable-column stk-block-column stk-column stk-block stk-7c01e2e\" data-v=\"4\" data-block-id=\"7c01e2e\"><style>@media screen and (min-width:690px){.stk-7c01e2e {flex:var(--stk-flex-grow, 1) 1 25% !important;}}<\/style><div class=\"stk-column-wrapper stk-block-column__content stk-container stk-7c01e2e-container stk--no-background stk--no-padding\"><div class=\"stk-block-content stk-inner-blocks stk-7c01e2e-inner-blocks\">\n<h4 class=\"wp-block-heading has-text-align-center\"><span style=\"color: var(--theme-palette-color-1, #071566);\" class=\"stk-highlight\">Valor para compradores<\/span><\/h4>\n\n\n\n<ul class=\"wp-block-list\">\n<li>Entregas programadas<\/li>\n\n\n\n<li>Control postcosecha riguroso<\/li>\n\n\n\n<li>Suministro anual<\/li>\n\n\n\n<li>Consolidaci\u00f3n con otras frutas premium<\/li>\n<\/ul>\n<\/div><\/div><\/div>\n<\/div><\/div>\n\n\n\n<div class=\"wp-block-stackable-columns stk-block-columns stk-block stk-89a3cbc\" data-block-id=\"89a3cbc\"><div class=\"stk-row stk-inner-blocks stk-block-content stk-content-align stk-89a3cbc-column\">\n<div class=\"wp-block-stackable-column stk-block-column stk-column stk-block stk-755dac1\" data-v=\"4\" data-block-id=\"755dac1\"><div class=\"stk-column-wrapper stk-block-column__content stk-container stk-755dac1-container stk--no-background stk--no-padding\"><div class=\"stk-block-content stk-inner-blocks stk-755dac1-inner-blocks\">\n<div class=\"wp-block-stackable-button-group stk-block-button-group stk-block stk-c9a059e\" data-block-id=\"c9a059e\"><div class=\"stk-row stk-inner-blocks has-text-align-right stk-block-content stk-button-group\">\n<div class=\"wp-block-stackable-button stk-block-button stk-block stk-2c6a9ed\" data-block-id=\"2c6a9ed\"><a class=\"stk-link stk-button stk--hover-effect-scale\" href=\"https:\/\/ceiplatrade.com\/index.php\/cotizaciones\/\"><span class=\"stk-button__inner-text\">COTIZAR AHORA<\/span><\/a><\/div>\n<\/div><\/div>\n<\/div><\/div><\/div>\n\n\n\n<div class=\"wp-block-stackable-column stk-block-column stk-column stk-block stk-e844354\" data-v=\"4\" data-block-id=\"e844354\"><div class=\"stk-column-wrapper stk-block-column__content stk-container stk-e844354-container stk--no-background stk--no-padding\"><div class=\"stk-block-content stk-inner-blocks stk-e844354-inner-blocks\">\n<div class=\"wp-block-stackable-button-group stk-block-button-group stk-block stk-3fdb3a0\" data-block-id=\"3fdb3a0\"><div class=\"stk-row stk-inner-blocks stk-block-content stk-button-group\">\n<div class=\"wp-block-stackable-button stk-block-button stk-block stk-8d35637\" data-block-id=\"8d35637\"><a class=\"stk-link stk-button stk--hover-effect-scale\" href=\"https:\/\/ceiplatrade.com\/index.php\/frutas-premium\/\"><span class=\"stk-button__inner-text\">VOLVER A PRODUCTOS<\/span><\/a><\/div>\n<\/div><\/div>\n<\/div><\/div><\/div>\n<\/div><\/div>\n","protected":false},"excerpt":{"rendered":"<p>La Pi\u00f1a Premium CEIPLA TRADE es seleccionada directamente de zonas productoras de Ecuador, Costa Rica y Panam\u00e1. Su variedad Golden Sweet (MD2) destaca por su dulzura elevada (Brix), pulpa firme, color intenso y excelente vida \u00fatil para exportaciones de larga distancia. Gracias al Ecosistema CEIPLA, garantizamos fruta uniforme y trazada desde origen. Caracter\u00edsticas de la [&hellip;]<\/p>\n","protected":false},"author":1,"featured_media":0,"parent":0,"menu_order":0,"comment_status":"closed","ping_status":"closed","template":"","meta":{"footnotes":""},"class_list":["post-1817","page","type-page","status-publish","hentry"],"blocksy_meta":[],"jetpack_sharing_enabled":true,"_links":{"self":[{"href":"https:\/\/ceiplatrade.com\/index.php\/wp-json\/wp\/v2\/pages\/1817","targetHints":{"allow":["GET"]}}],"collection":[{"href":"https:\/\/ceiplatrade.com\/index.php\/wp-json\/wp\/v2\/pages"}],"about":[{"href":"https:\/\/ceiplatrade.com\/index.php\/wp-json\/wp\/v2\/types\/page"}],"author":[{"embeddable":true,"href":"https:\/\/ceiplatrade.com\/index.php\/wp-json\/wp\/v2\/users\/1"}],"replies":[{"embeddable":true,"href":"https:\/\/ceiplatrade.com\/index.php\/wp-json\/wp\/v2\/comments?post=1817"}],"version-history":[{"count":1,"href":"https:\/\/ceiplatrade.com\/index.php\/wp-json\/wp\/v2\/pages\/1817\/revisions"}],"predecessor-version":[{"id":1824,"href":"https:\/\/ceiplatrade.com\/index.php\/wp-json\/wp\/v2\/pages\/1817\/revisions\/1824"}],"wp:attachment":[{"href":"https:\/\/ceiplatrade.com\/index.php\/wp-json\/wp\/v2\/media?parent=1817"}],"curies":[{"name":"wp","href":"https:\/\/api.w.org\/{rel}","templated":true}]}}