{"id":1826,"date":"2025-11-22T00:09:41","date_gmt":"2025-11-21T23:09:41","guid":{"rendered":"https:\/\/ceiplatrade.com\/?page_id=1826"},"modified":"2025-11-22T00:09:41","modified_gmt":"2025-11-21T23:09:41","slug":"naranja-premium","status":"publish","type":"page","link":"https:\/\/ceiplatrade.com\/index.php\/naranja-premium\/","title":{"rendered":"NARANJA PREMIUM"},"content":{"rendered":"\n<div class=\"wp-block-stackable-heading stk-block-heading stk-block-heading--v2 stk-block stk-c274722\" id=\"naranja-para-span-style-color-var-theme-palette-color-1-071566-class-stk-highlight-exportacion-span-industria-retail-jugos\" data-block-id=\"c274722\"><h4 class=\"stk-block-heading__text has-text-align-center\">Naranja para <span style=\"color: var(--theme-palette-color-1, #071566);\" class=\"stk-highlight\">Exportaci\u00f3n<\/span> &#8211; Industria \u2013 Retail \u2013 Jugos<\/h4><\/div>\n\n\n\n<div class=\"wp-block-stackable-columns stk-block-columns stk-block stk-f45cb33\" data-block-id=\"f45cb33\"><style>.stk-f45cb33 {margin-bottom:50px !important;}<\/style><div class=\"stk-row stk-inner-blocks stk-block-content stk-content-align stk-f45cb33-column\">\n<div class=\"wp-block-stackable-column stk-block-column stk-column stk-block stk-5fb5e4b\" data-v=\"4\" data-block-id=\"5fb5e4b\"><style>@media screen and (min-width:690px){.stk-5fb5e4b {flex:var(--stk-flex-grow, 1) 1 33.3% !important;}}<\/style><div class=\"stk-column-wrapper stk-block-column__content stk-container stk-5fb5e4b-container stk--no-background stk--no-padding\"><div class=\"stk-block-content stk-inner-blocks stk-5fb5e4b-inner-blocks\">\n<div class=\"wp-block-stackable-image stk-block-image stk-block stk-16c53ad\" data-block-id=\"16c53ad\"><style>.stk-16c53ad .stk-img-wrapper{width:100% !important;height:368px !important;}<\/style><figure><span class=\"stk-img-wrapper stk-image--shape-stretch\"><img loading=\"lazy\" decoding=\"async\" class=\"stk-img wp-image-1827\" src=\"https:\/\/ceiplatrade.com\/wp-content\/uploads\/2025\/11\/WhatsApp-Image-2025-11-18-at-3.48.27-PM-1.jpeg\" width=\"1204\" height=\"1600\" srcset=\"https:\/\/ceiplatrade.com\/wp-content\/uploads\/2025\/11\/WhatsApp-Image-2025-11-18-at-3.48.27-PM-1.jpeg 1204w, https:\/\/ceiplatrade.com\/wp-content\/uploads\/2025\/11\/WhatsApp-Image-2025-11-18-at-3.48.27-PM-1-226x300.jpeg 226w, https:\/\/ceiplatrade.com\/wp-content\/uploads\/2025\/11\/WhatsApp-Image-2025-11-18-at-3.48.27-PM-1-771x1024.jpeg 771w, https:\/\/ceiplatrade.com\/wp-content\/uploads\/2025\/11\/WhatsApp-Image-2025-11-18-at-3.48.27-PM-1-768x1021.jpeg 768w, https:\/\/ceiplatrade.com\/wp-content\/uploads\/2025\/11\/WhatsApp-Image-2025-11-18-at-3.48.27-PM-1-1156x1536.jpeg 1156w, https:\/\/ceiplatrade.com\/wp-content\/uploads\/2025\/11\/WhatsApp-Image-2025-11-18-at-3.48.27-PM-1-300x399.jpeg 300w, https:\/\/ceiplatrade.com\/wp-content\/uploads\/2025\/11\/WhatsApp-Image-2025-11-18-at-3.48.27-PM-1-600x797.jpeg 600w\" sizes=\"auto, (max-width: 1204px) 100vw, 1204px\" \/><\/span><\/figure><\/div>\n<\/div><\/div><\/div>\n\n\n\n<div class=\"wp-block-stackable-column stk-block-column stk-column stk-block stk-1c45ab9\" data-v=\"4\" data-block-id=\"1c45ab9\"><style>@media screen and (min-width:690px){.stk-1c45ab9 {flex:var(--stk-flex-grow, 1) 1 66.7% !important;}}<\/style><div class=\"stk-column-wrapper stk-block-column__content stk-container stk-1c45ab9-container stk--no-background stk--no-padding\"><div class=\"stk-block-content stk-inner-blocks stk-1c45ab9-inner-blocks\">\n<p>CEIPLA TRADE exporta naranjas de alta calidad desde Per\u00fa, Ecuador y Brasil, ideales para consumo fresco, jugos, industria y foodservice.<br>Seleccionadas bajo par\u00e1metros de color, jugosidad y firmeza, nuestras naranjas mantienen estabilidad durante todo el trayecto log\u00edstico.<\/p>\n\n\n\n<h4 class=\"wp-block-heading\"><span style=\"color: var(--theme-palette-color-1, #071566);\" class=\"stk-highlight\">Caracter\u00edsticas de la Naranja CEIPLA TRADE<\/span><\/h4>\n\n\n\n<ul class=\"wp-block-list\">\n<li>Variedades: <strong><span style=\"color: var(--theme-palette-color-1, #071566);\" class=\"stk-highlight\">Valencia, Washington, Navel<\/span><\/strong><\/li>\n\n\n\n<li>Alto contenido de jugo<\/li>\n\n\n\n<li>Presentaciones: cajas 15kg \/ 18kg<\/li>\n\n\n\n<li>Calibres comerciales 48\u2013138<\/li>\n\n\n\n<li>Suministro continuo y multiorigen<\/li>\n<\/ul>\n<\/div><\/div><\/div>\n<\/div><\/div>\n\n\n\n<div class=\"wp-block-stackable-columns stk-block-columns stk-block stk-ca8538c\" data-block-id=\"ca8538c\"><div class=\"stk-row stk-inner-blocks stk-block-content stk-content-align stk-ca8538c-column\">\n<div class=\"wp-block-stackable-column stk-block-column stk-column stk-block stk-3d5928a\" data-v=\"4\" data-block-id=\"3d5928a\"><div class=\"stk-column-wrapper stk-block-column__content stk-container stk-3d5928a-container stk--no-background stk--no-padding\"><div class=\"stk-block-content stk-inner-blocks stk-3d5928a-inner-blocks\">\n<h4 class=\"wp-block-heading has-text-align-center\"><span style=\"color: var(--theme-palette-color-1, #071566);\" class=\"stk-highlight\">Trazabilidad con Blockchain Impact+\u2122<\/span><\/h4>\n\n\n\n<p>Registro y control de:<\/p>\n\n\n\n<ul class=\"wp-block-list\">\n<li>Origen<\/li>\n\n\n\n<li>Certificaciones<\/li>\n\n\n\n<li>Procesos y manejo<\/li>\n\n\n\n<li>Temperatura<\/li>\n\n\n\n<li>Documentos de exportaci\u00f3n<\/li>\n<\/ul>\n<\/div><\/div><\/div>\n\n\n\n<div class=\"wp-block-stackable-column stk-block-column stk-column stk-block stk-49b7e6d\" data-v=\"4\" data-block-id=\"49b7e6d\"><div class=\"stk-column-wrapper stk-block-column__content stk-container stk-49b7e6d-container stk--no-background stk--no-padding\"><div class=\"stk-block-content stk-inner-blocks stk-49b7e6d-inner-blocks\">\n<div class=\"wp-block-stackable-carousel stk-block-carousel stk--is-slide stk--arrows-justify-space-between stk--arrows-align-center stk-block stk-36002b4\" data-slides-to-show=\"\" data-block-id=\"36002b4\"><div class=\"stk-block-carousel__content-wrapper\"><div class=\"stk-row stk-inner-blocks stk-block-content stk-block-carousel__slider-wrapper stk-content-align stk-36002b4-column\"><div class=\"stk-block-carousel__slider\" role=\"list\" data-autoplay=\"4000\" data-label-slide-of=\"Slide %%d of %%d\" tabindex=\"0\">\n<div class=\"wp-block-stackable-column stk-block-column stk-column stk-block stk-c850fc8\" data-v=\"4\" data-block-id=\"c850fc8\"><div class=\"stk-column-wrapper stk-block-column__content stk-container stk-c850fc8-container stk--no-background stk--no-padding\"><div class=\"stk-block-content stk-inner-blocks stk-c850fc8-inner-blocks\">\n<div class=\"wp-block-stackable-image stk-block-image stk-block stk-e16da74\" data-block-id=\"e16da74\"><style>.stk-e16da74 .stk-img-wrapper{width:100% !important;height:350px !important;}<\/style><figure><span class=\"stk-img-wrapper stk-image--shape-stretch\"><img loading=\"lazy\" decoding=\"async\" class=\"stk-img wp-image-1828\" src=\"https:\/\/ceiplatrade.com\/wp-content\/uploads\/2025\/11\/WhatsApp-Image-2025-11-18-at-3.48.30-PM-1.jpeg\" width=\"900\" height=\"1600\" srcset=\"https:\/\/ceiplatrade.com\/wp-content\/uploads\/2025\/11\/WhatsApp-Image-2025-11-18-at-3.48.30-PM-1.jpeg 900w, https:\/\/ceiplatrade.com\/wp-content\/uploads\/2025\/11\/WhatsApp-Image-2025-11-18-at-3.48.30-PM-1-169x300.jpeg 169w, https:\/\/ceiplatrade.com\/wp-content\/uploads\/2025\/11\/WhatsApp-Image-2025-11-18-at-3.48.30-PM-1-576x1024.jpeg 576w, https:\/\/ceiplatrade.com\/wp-content\/uploads\/2025\/11\/WhatsApp-Image-2025-11-18-at-3.48.30-PM-1-768x1365.jpeg 768w, https:\/\/ceiplatrade.com\/wp-content\/uploads\/2025\/11\/WhatsApp-Image-2025-11-18-at-3.48.30-PM-1-864x1536.jpeg 864w, https:\/\/ceiplatrade.com\/wp-content\/uploads\/2025\/11\/WhatsApp-Image-2025-11-18-at-3.48.30-PM-1-300x533.jpeg 300w, https:\/\/ceiplatrade.com\/wp-content\/uploads\/2025\/11\/WhatsApp-Image-2025-11-18-at-3.48.30-PM-1-600x1067.jpeg 600w\" sizes=\"auto, (max-width: 900px) 100vw, 900px\" \/><\/span><\/figure><\/div>\n<\/div><\/div><\/div>\n\n\n\n<div class=\"wp-block-stackable-column stk-block-column stk-column stk-block stk-3036a2d\" data-v=\"4\" data-block-id=\"3036a2d\"><div class=\"stk-column-wrapper stk-block-column__content stk-container stk-3036a2d-container stk--no-background stk--no-padding\"><div class=\"stk-block-content stk-inner-blocks stk-3036a2d-inner-blocks\">\n<div class=\"wp-block-stackable-image stk-block-image stk-block stk-d7c66c2\" data-block-id=\"d7c66c2\"><style>.stk-d7c66c2 .stk-img-wrapper{width:100% !important;height:350px !important;}<\/style><figure><span class=\"stk-img-wrapper stk-image--shape-stretch\"><img loading=\"lazy\" decoding=\"async\" class=\"stk-img wp-image-1829\" src=\"https:\/\/ceiplatrade.com\/wp-content\/uploads\/2025\/11\/WhatsApp-Image-2025-11-18-at-3.48.29-PM-1.jpeg\" width=\"720\" height=\"1280\" srcset=\"https:\/\/ceiplatrade.com\/wp-content\/uploads\/2025\/11\/WhatsApp-Image-2025-11-18-at-3.48.29-PM-1.jpeg 720w, https:\/\/ceiplatrade.com\/wp-content\/uploads\/2025\/11\/WhatsApp-Image-2025-11-18-at-3.48.29-PM-1-169x300.jpeg 169w, https:\/\/ceiplatrade.com\/wp-content\/uploads\/2025\/11\/WhatsApp-Image-2025-11-18-at-3.48.29-PM-1-576x1024.jpeg 576w, https:\/\/ceiplatrade.com\/wp-content\/uploads\/2025\/11\/WhatsApp-Image-2025-11-18-at-3.48.29-PM-1-300x533.jpeg 300w, https:\/\/ceiplatrade.com\/wp-content\/uploads\/2025\/11\/WhatsApp-Image-2025-11-18-at-3.48.29-PM-1-600x1067.jpeg 600w\" sizes=\"auto, (max-width: 720px) 100vw, 720px\" \/><\/span><\/figure><\/div>\n<\/div><\/div><\/div>\n\n\n\n<div class=\"wp-block-stackable-column stk-block-column stk-column stk-block stk-38e6480\" data-v=\"4\" data-block-id=\"38e6480\"><div class=\"stk-column-wrapper stk-block-column__content stk-container stk-38e6480-container stk--no-background stk--no-padding\"><div class=\"stk-block-content stk-inner-blocks stk-38e6480-inner-blocks\">\n<div class=\"wp-block-stackable-image stk-block-image stk-block stk-b657eb8\" data-block-id=\"b657eb8\"><style>.stk-b657eb8 .stk-img-wrapper{width:100% !important;height:350px !important;}<\/style><figure><span class=\"stk-img-wrapper stk-image--shape-stretch\"><img loading=\"lazy\" decoding=\"async\" class=\"stk-img wp-image-1830\" src=\"https:\/\/ceiplatrade.com\/wp-content\/uploads\/2025\/11\/WhatsApp-Image-2025-11-18-at-3.48.27-PM.jpeg\" width=\"1204\" height=\"1600\" srcset=\"https:\/\/ceiplatrade.com\/wp-content\/uploads\/2025\/11\/WhatsApp-Image-2025-11-18-at-3.48.27-PM.jpeg 1204w, https:\/\/ceiplatrade.com\/wp-content\/uploads\/2025\/11\/WhatsApp-Image-2025-11-18-at-3.48.27-PM-226x300.jpeg 226w, https:\/\/ceiplatrade.com\/wp-content\/uploads\/2025\/11\/WhatsApp-Image-2025-11-18-at-3.48.27-PM-771x1024.jpeg 771w, https:\/\/ceiplatrade.com\/wp-content\/uploads\/2025\/11\/WhatsApp-Image-2025-11-18-at-3.48.27-PM-768x1021.jpeg 768w, https:\/\/ceiplatrade.com\/wp-content\/uploads\/2025\/11\/WhatsApp-Image-2025-11-18-at-3.48.27-PM-1156x1536.jpeg 1156w, https:\/\/ceiplatrade.com\/wp-content\/uploads\/2025\/11\/WhatsApp-Image-2025-11-18-at-3.48.27-PM-300x399.jpeg 300w, https:\/\/ceiplatrade.com\/wp-content\/uploads\/2025\/11\/WhatsApp-Image-2025-11-18-at-3.48.27-PM-600x797.jpeg 600w\" sizes=\"auto, (max-width: 1204px) 100vw, 1204px\" \/><\/span><\/figure><\/div>\n<\/div><\/div><\/div>\n<\/div><div class=\"stk-block-carousel__buttons\"><button class=\"stk-block-carousel__button stk-block-carousel__button__prev\" aria-label=\"Previous slide\"><svg aria-hidden=\"true\" focusable=\"false\" data-prefix=\"fas\" data-icon=\"chevron-left\" class=\"svg-inline--fa fa-chevron-left\" xmlns=\"http:\/\/www.w3.org\/2000\/svg\" viewBox=\"0 0 320 512\" width=\"32\" height=\"32\"><path d=\"M34.52 239.03L228.87 44.69c9.37-9.37 24.57-9.37 33.94 0l22.67 22.67c9.36 9.36 9.37 24.52.04 33.9L131.49 256l154.02 154.75c9.34 9.38 9.32 24.54-.04 33.9l-22.67 22.67c-9.37 9.37-24.57 9.37-33.94 0L34.52 272.97c-9.37-9.37-9.37-24.57 0-33.94z\"><\/path><\/svg><\/button><button class=\"stk-block-carousel__button stk-block-carousel__button__next\" aria-label=\"Next slide\"><svg aria-hidden=\"true\" focusable=\"false\" data-prefix=\"fas\" data-icon=\"chevron-right\" class=\"svg-inline--fa fa-chevron-right\" xmlns=\"http:\/\/www.w3.org\/2000\/svg\" viewBox=\"0 0 320 512\" width=\"32\" height=\"32\"><path d=\"M285.476 272.971L91.132 467.314c-9.373 9.373-24.569 9.373-33.941 0l-22.667-22.667c-9.357-9.357-9.375-24.522-.04-33.901L188.505 256 34.484 101.255c-9.335-9.379-9.317-24.544.04-33.901l22.667-22.667c9.373-9.373 24.569-9.373 33.941 0L285.475 239.03c9.373 9.372 9.373 24.568.001 33.941z\"><\/path><\/svg><\/button><\/div><\/div><div class=\"stk-block-carousel__dots\" role=\"list\" data-label=\"Slide %%d\"><\/div><\/div><\/div>\n<\/div><\/div><\/div>\n\n\n\n<div class=\"wp-block-stackable-column stk-block-column stk-column stk-block stk-49bcb97\" data-v=\"4\" data-block-id=\"49bcb97\"><div class=\"stk-column-wrapper stk-block-column__content stk-container stk-49bcb97-container stk--no-background stk--no-padding\"><div class=\"stk-block-content stk-inner-blocks stk-49bcb97-inner-blocks\">\n<h4 class=\"wp-block-heading\"><span style=\"color: var(--theme-palette-color-1, #071566);\" class=\"stk-highlight\">Ideal para:<\/span><\/h4>\n\n\n\n<ul class=\"wp-block-list\">\n<li>Retail<\/li>\n\n\n\n<li>Foodservice<\/li>\n\n\n\n<li>Plantas de jugos<\/li>\n\n\n\n<li>Distribuidores mayoristas<\/li>\n<\/ul>\n\n\n\n<h4 class=\"wp-block-heading\"><span style=\"color: var(--theme-palette-color-1, #071566);\" class=\"stk-highlight\">Origen<\/span><\/h4>\n\n\n\n<ul class=\"wp-block-list\">\n<li><strong>Per\u00fa<\/strong><\/li>\n\n\n\n<li><strong>Ecuador<\/strong><\/li>\n\n\n\n<li><strong>Brasil<\/strong><\/li>\n<\/ul>\n<\/div><\/div><\/div>\n<\/div><\/div>\n\n\n\n<div class=\"wp-block-stackable-columns stk-block-columns stk-block stk-a633012\" data-block-id=\"a633012\"><div class=\"stk-row stk-inner-blocks stk-block-content stk-content-align stk-a633012-column\">\n<div class=\"wp-block-stackable-column stk-block-column stk-column stk-block stk-5c22525\" data-v=\"4\" data-block-id=\"5c22525\"><div class=\"stk-column-wrapper stk-block-column__content stk-container stk-5c22525-container stk--no-background stk--no-padding\"><div class=\"stk-block-content stk-inner-blocks stk-5c22525-inner-blocks\">\n<div class=\"wp-block-stackable-button-group stk-block-button-group stk-block stk-d1c27a3\" data-block-id=\"d1c27a3\"><div class=\"stk-row stk-inner-blocks has-text-align-right stk-block-content stk-button-group\">\n<div class=\"wp-block-stackable-button stk-block-button stk-block stk-9ba98ed\" data-block-id=\"9ba98ed\"><a class=\"stk-link stk-button stk--hover-effect-scale\" href=\"https:\/\/ceiplatrade.com\/index.php\/cotizaciones\/\"><span class=\"stk-button__inner-text\">COTIZAR AHORA<\/span><\/a><\/div>\n<\/div><\/div>\n<\/div><\/div><\/div>\n\n\n\n<div class=\"wp-block-stackable-column stk-block-column stk-column stk-block stk-a41848e\" data-v=\"4\" data-block-id=\"a41848e\"><div class=\"stk-column-wrapper stk-block-column__content stk-container stk-a41848e-container stk--no-background stk--no-padding\"><div class=\"stk-block-content stk-inner-blocks stk-a41848e-inner-blocks\">\n<div class=\"wp-block-stackable-button-group stk-block-button-group stk-block stk-dc805c2\" data-block-id=\"dc805c2\"><div class=\"stk-row stk-inner-blocks stk-block-content stk-button-group\">\n<div class=\"wp-block-stackable-button stk-block-button stk-block stk-aa1cac2\" data-block-id=\"aa1cac2\"><a class=\"stk-link stk-button stk--hover-effect-scale\" href=\"https:\/\/ceiplatrade.com\/index.php\/frutas-premium\/\"><span class=\"stk-button__inner-text\">VOLVER A PRODUCTOS<\/span><\/a><\/div>\n<\/div><\/div>\n<\/div><\/div><\/div>\n<\/div><\/div>\n","protected":false},"excerpt":{"rendered":"<p>Naranja para Exportaci\u00f3n &#8211; Industria \u2013 Retail \u2013 Jugos CEIPLA TRADE exporta naranjas de alta calidad desde Per\u00fa, Ecuador y Brasil, ideales para consumo fresco, jugos, industria y foodservice.Seleccionadas bajo par\u00e1metros de color, jugosidad y firmeza, nuestras naranjas mantienen estabilidad durante todo el trayecto log\u00edstico. Caracter\u00edsticas de la Naranja CEIPLA TRADE Trazabilidad con Blockchain Impact+\u2122 [&hellip;]<\/p>\n","protected":false},"author":1,"featured_media":0,"parent":0,"menu_order":0,"comment_status":"closed","ping_status":"closed","template":"","meta":{"footnotes":""},"class_list":["post-1826","page","type-page","status-publish","hentry"],"blocksy_meta":[],"jetpack_sharing_enabled":true,"_links":{"self":[{"href":"https:\/\/ceiplatrade.com\/index.php\/wp-json\/wp\/v2\/pages\/1826","targetHints":{"allow":["GET"]}}],"collection":[{"href":"https:\/\/ceiplatrade.com\/index.php\/wp-json\/wp\/v2\/pages"}],"about":[{"href":"https:\/\/ceiplatrade.com\/index.php\/wp-json\/wp\/v2\/types\/page"}],"author":[{"embeddable":true,"href":"https:\/\/ceiplatrade.com\/index.php\/wp-json\/wp\/v2\/users\/1"}],"replies":[{"embeddable":true,"href":"https:\/\/ceiplatrade.com\/index.php\/wp-json\/wp\/v2\/comments?post=1826"}],"version-history":[{"count":1,"href":"https:\/\/ceiplatrade.com\/index.php\/wp-json\/wp\/v2\/pages\/1826\/revisions"}],"predecessor-version":[{"id":1831,"href":"https:\/\/ceiplatrade.com\/index.php\/wp-json\/wp\/v2\/pages\/1826\/revisions\/1831"}],"wp:attachment":[{"href":"https:\/\/ceiplatrade.com\/index.php\/wp-json\/wp\/v2\/media?parent=1826"}],"curies":[{"name":"wp","href":"https:\/\/api.w.org\/{rel}","templated":true}]}}